{"id":25813,"date":"2025-03-17T10:21:52","date_gmt":"2025-03-17T09:21:52","guid":{"rendered":"https:\/\/ifd.uwr.edu.pl\/?page_id=25813"},"modified":"2025-03-17T10:22:13","modified_gmt":"2025-03-17T09:22:13","slug":"accessibility-statement","status":"publish","type":"page","link":"https:\/\/ifd.uwr.edu.pl\/en\/accessibility-statement\/","title":{"rendered":"Accessibility Statement"},"content":{"rendered":"\n<div class=\"wp-block-bonasoft-modular-breadcrumbs-block\"><div class=\"bs_add_breadcrumb_trail\"><\/div><\/div>\n\n\n\n<h1 class=\"wp-block-heading has-text-align-center bs-naglowek-podstrony\"><strong>Deklaracja dost\u0119pno\u015bci<\/strong><\/h1>\n\n\n\n<p><strong>WST\u0118P DEKLARACJI<\/strong><\/p>\n\n\n\n<p>Uniwersytet Wroc\u0142awski zobowi\u0105zuje si\u0119 zapewni\u0107 dost\u0119pno\u015b\u0107 swojej strony internetowej zgodnie z przepisami ustawy z dnia 4 kwietnia 2019 r. o dost\u0119pno\u015bci cyfrowej stron internetowych i aplikacji mobilnych podmiot\u00f3w publicznych. O\u015bwiadczenie w sprawie dost\u0119pno\u015bci ma zastosowanie do strony internetowej Uniwersytetu Wroc\u0142awskiego.<\/p>\n\n\n\n<p>DATY PUBLIKACJI I AKTUALIZACJI<\/p>\n\n\n\n<p>Data publikacji strony internetowej: \u2026\u2026..<\/p>\n\n\n\n<p>Data ostatniej istotnej aktualizacji:&nbsp;&nbsp; \u2026\u2026..<\/p>\n\n\n\n<p>Strona internetowa jest cz\u0119\u015bciowo zgodna&nbsp;z ustaw\u0105 z dnia 4 kwietnia 2019 r. o dost\u0119pno\u015bci cyfrowej stron internetowych i aplikacji mobilnych podmiot\u00f3w publicznych z powodu niezgodno\u015bci lub wy\u0142\u0105cze\u0144 wymienionych poni\u017cej.<\/p>\n\n\n\n<p><strong>Niedost\u0119pne elementy i tre\u015bci<\/strong><\/p>\n\n\n\n<ul class=\"wp-block-list\">\n<li>Niekt\u00f3re tre\u015bci nietekstowe mog\u0105 nie posiada\u0107 swojej tekstowej alternatywy.<\/li>\n\n\n\n<li>Niekt\u00f3re media mog\u0105 nie posiada\u0107 alternatywy tekstowej, napis\u00f3w rozszerzonych lub audiodeskrypcji.Planujemy doda\u0107 funkcjonalno\u015b\u0107 maszynowego odczytu tre\u015bci stron www do ko\u0144ca 2023r.<\/li>\n\n\n\n<li>Przy wprowadzaniu tre\u015bci nie zawsze podawane s\u0105 sugestie korekty b\u0142\u0119d\u00f3w.<\/li>\n\n\n\n<li>W cz\u0119\u015bci film\u00f3w nie ma napis\u00f3w dla os\u00f3b niedos\u0142ysz\u0105cych i G\u0142uchych.\u00a0Planujemy doda\u0107 napisy do ko\u0144ca 2023 r.<\/li>\n<\/ul>\n\n\n\n<p>Informujemy, \u017ce tre\u015bci niedost\u0119pne wynikaj\u0105ce z b\u0142\u0119dow redaktorskich s\u0105 systematycznie poprawiane. Dodatkowo prowadzimy prace nad zwi\u0119kszeniem dost\u0119pno\u015bci udost\u0119pnianych dokument\u00f3w elektronicznych.<\/p>\n\n\n\n<p><strong>Przygotowanie deklaracji dost\u0119pno\u015bci<\/strong><\/p>\n\n\n\n<p>Data sporz\u0105dzenia deklaracji:&nbsp;23.03.2023.<\/p>\n\n\n\n<p>Deklaracj\u0119 sporz\u0105dzono na podstawie samooceny przeprowadzonej przez podmiot publiczny.<\/p>\n\n\n\n<p>Data ostatniego przegl\u0105du deklaracji:&nbsp;23.03.2023<\/p>\n\n\n\n<p><strong>Skr\u00f3ty klawiaturowe<\/strong><\/p>\n\n\n\n<p>Na tej stronie internetowej mo\u017cna korzysta\u0107 ze standardowych skr\u00f3t\u00f3w klawiaturowych.<\/p>\n\n\n\n<p><strong>Informacje zwrotne i dane kontaktowe<\/strong><\/p>\n\n\n\n<p>W przypadku problem\u00f3w z dost\u0119pno\u015bci\u0105 strony internetowej prosimy o kontakt. Osob\u0105 kontaktow\u0105 jest Grzegorz Grys &nbsp;<a href=\"mailto:adc@uwr.edu.pl\" target=\"_blank\" rel=\"noreferrer noopener\">adc@uwr.edu.pl<\/a>. Kontaktowa\u0107 mo\u017cna si\u0119 tak\u017ce dzwoni\u0105c na numer&nbsp;telefonu kom\u00f3rkowego <a href=\"tel:+48695654057\">+48695654057<\/a>. T\u0105 sam\u0105 drog\u0105 mo\u017cna sk\u0142ada\u0107 wnioski o udost\u0119pnienie informacji niedost\u0119pnej oraz sk\u0142ada\u0107 \u017c\u0105dania zapewnienia dost\u0119pno\u015bci.<\/p>\n\n\n\n<p>Inne zg\u0142oszenia dotycz\u0105ce dost\u0119pno\u015bci architektonicznej oraz informacyjno-komunikacyjnej prosimy przesy\u0142a\u0107 na adres : &nbsp;<a href=\"mailto:tomasz.czaja@uwr.edu.pl\">tomasz.czaja@uwr.edu.pl<\/a><\/p>\n\n\n\n<p>W zg\u0142oszeniu podaj:<\/p>\n\n\n\n<ul class=\"wp-block-list\">\n<li>swoje imi\u0119 i nazwisko,<\/li>\n\n\n\n<li>swoje\u00a0dane kontaktowe (np. numer telefonu, e-mail),<\/li>\n\n\n\n<li>dok\u0142adny adres strony internetowej, na kt\u00f3rej jest niedost\u0119pny element lub tre\u015b\u0107,\u00a0<\/li>\n\n\n\n<li>opis\u00a0na czym polega problem i jaki spos\u00f3b jego rozwi\u0105zania\u00a0by\u0142by dla Ciebie najwygodniejszy.<\/li>\n<\/ul>\n\n\n\n<p><strong>Obs\u0142uga wniosk\u00f3w i skarg zwi\u0105zanych z dost\u0119pno\u015bci\u0105&nbsp;<\/strong><\/p>\n\n\n\n<p>Na Twoje zg\u0142oszenie odpowiemy najszybciej jak to mo\u017cliwe, nie p\u00f3\u017aniej ni\u017c w ci\u0105gu 7 dni od jego otrzymania. Je\u017celi ten termin b\u0119dzie dla nas zbyt kr\u00f3tki poinformujemy Ci\u0119 o tym. W tej informacji podamy nowy termin, do kt\u00f3rego poprawimy zg\u0142oszone przez Ciebie b\u0142\u0119dy lub przygotujemy informacje w alternatywny spos\u00f3b. Ten nowy termin nie b\u0119dzie d\u0142u\u017cszy ni\u017c 2 miesi\u0105ce.<\/p>\n\n\n\n<p>Je\u017celi nie b\u0119dziemy w stanie zapewni\u0107 dost\u0119pno\u015bci cyfrowej strony internetowej lub tre\u015bci, z Twojego zg\u0142oszeniu, zaproponujemy Ci dost\u0119p do nich w alternatywny spos\u00f3b.<\/p>\n\n\n\n<p>Je\u017celi nadal b\u0119dziesz mie\u0107 uwagi do naszych dzia\u0142a\u0144 zwi\u0105zane z dost\u0119pno\u015bci\u0105 cyfrow\u0105 mo\u017cesz skontaktowa\u0107 si\u0119 z Biurem Rzecznika Praw Obywatelskich i&nbsp;<a href=\"https:\/\/bip.brpo.gov.pl\/content\/interwencje-u-wladz-w-pojedynczych-sprawach\">zwr\u00f3ci\u0107 si\u0119 do Rzecznika, aby podj\u0105\u0142 interwencj\u0119 w danej sprawie<\/a>.<strong><\/strong><\/p>\n\n\n\n<p><strong>Dost\u0119pno\u015b\u0107 architektoniczna<\/strong><\/p>\n\n\n\n<p><a href=\"https:\/\/uwr.edu.pl\/wp-content\/uploads\/2023\/03\/dostepnosc_architektoniczna.pdf?x99522\">Pobierz dokument<\/a><\/p>\n\n\n\n<p><strong>Aplikacje mobilne<\/strong><\/p>\n\n\n\n<ol class=\"wp-block-list\">\n<li><a href=\"https:\/\/it.uwr.edu.pl\/aplikacje-mobilne\/android-google-play\/\">Google Play<\/a><\/li>\n\n\n\n<li><a href=\"https:\/\/it.uwr.edu.pl\/aplikacje-mobilne\/ios-appstore\/\">AppStore<\/a><\/li>\n<\/ol>\n\n\n\n<h2 class=\"wp-block-heading\"><strong>Informacje dodatkowe<\/strong><\/h2>\n\n\n\n<p>Dok\u0142adamy stara\u0144, aby wszystkie udost\u0119pniane przez nas dokumenty cyfrowe posiada\u0142y logiczn\u0105 struktur\u0119 a elementy graficzne w nich wyst\u0119puj\u0105ce posiada\u0142y opisy alternatywne zapewniaj\u0105c ich dost\u0119pno\u015b\u0107 i rozpoznawalno\u015b\u0107 przez czytniki ekranu. Niekt\u00f3re za\u0142\u0105czniki s\u0105 nierozpoznanym skanem w formacie PDF lub s\u0105 z\u0142o\u017conymi dokumentami zawieraj\u0105cymi np. onszerne tabele. W takim przypadku mog\u0105 Pa\u0144stwo:<\/p>\n\n\n\n<ul class=\"wp-block-list\">\n<li>skorzysta\u0107 z bezp\u0142atnego narz\u0119dzia RoboBraille dzi\u0119ki kt\u00f3remu mo\u017cna rozpozna\u0107 skan w postaci nieczytanego przez oprogramowanie ud\u017awi\u0119kawiaj\u0105ce obrazu (narz\u0119dzie sprawdzi si\u0119 przy prostych dokumentach), <a href=\"https:\/\/www.robobraille.org\/\">RoboBraille<\/a><\/li>\n\n\n\n<li>skontaktowa\u0107 si\u0119 z nami &#8211; postaramy si\u0119 u\u017cytecznie przedstawi\u0107 potrzeb\u0105 tre\u015b\u0107 wskazanego dokumentu.<\/li>\n<\/ul>\n\n\n\n<p><\/p>\n","protected":false},"excerpt":{"rendered":"<p>Deklaracja dost\u0119pno\u015bci WST\u0118P DEKLARACJI Uniwersytet Wroc\u0142awski zobowi\u0105zuje si\u0119 zapewni\u0107 dost\u0119pno\u015b\u0107 swojej strony internetowej zgodnie z przepisami ustawy z dnia 4 kwietnia 2019 r. o dost\u0119pno\u015bci cyfrowej stron internetowych i aplikacji mobilnych podmiot\u00f3w publicznych. O\u015bwiadczenie w sprawie dost\u0119pno\u015bci ma zastosowanie do strony internetowej Uniwersytetu Wroc\u0142awskiego. DATY PUBLIKACJI I AKTUALIZACJI Data publikacji strony internetowej: \u2026\u2026.. Data ostatniej [&hellip;]<\/p>\n","protected":false},"author":6984,"featured_media":0,"parent":0,"menu_order":0,"comment_status":"closed","ping_status":"closed","template":"","meta":{"_acf_changed":false,"inline_featured_image":false,"site-sidebar-layout":"default","site-content-layout":"default","ast-site-content-layout":"default","site-content-style":"default","site-sidebar-style":"default","ast-global-header-display":"","ast-banner-title-visibility":"","ast-main-header-display":"disabled","ast-hfb-above-header-display":"disabled","ast-hfb-below-header-display":"","ast-hfb-mobile-header-display":"","site-post-title":"disabled","ast-breadcrumbs-content":"","ast-featured-img":"disabled","footer-sml-layout":"","ast-disable-related-posts":"","theme-transparent-header-meta":"default","adv-header-id-meta":"","stick-header-meta":"","header-above-stick-meta":"","header-main-stick-meta":"","header-below-stick-meta":"","astra-migrate-meta-layouts":"set","ast-page-background-enabled":"default","ast-page-background-meta":{"desktop":{"background-color":"","background-image":"","background-repeat":"repeat","background-position":"center center","background-size":"auto","background-attachment":"scroll","background-type":"","background-media":"","overlay-type":"","overlay-color":"","overlay-opacity":"","overlay-gradient":""},"tablet":{"background-color":"","background-image":"","background-repeat":"repeat","background-position":"center center","background-size":"auto","background-attachment":"scroll","background-type":"","background-media":"","overlay-type":"","overlay-color":"","overlay-opacity":"","overlay-gradient":""},"mobile":{"background-color":"","background-image":"","background-repeat":"repeat","background-position":"center center","background-size":"auto","background-attachment":"scroll","background-type":"","background-media":"","overlay-type":"","overlay-color":"","overlay-opacity":"","overlay-gradient":""}},"ast-content-background-meta":{"desktop":{"background-color":"var(--ast-global-color-5)","background-image":"","background-repeat":"repeat","background-position":"center center","background-size":"auto","background-attachment":"scroll","background-type":"","background-media":"","overlay-type":"","overlay-color":"","overlay-opacity":"","overlay-gradient":""},"tablet":{"background-color":"var(--ast-global-color-5)","background-image":"","background-repeat":"repeat","background-position":"center center","background-size":"auto","background-attachment":"scroll","background-type":"","background-media":"","overlay-type":"","overlay-color":"","overlay-opacity":"","overlay-gradient":""},"mobile":{"background-color":"var(--ast-global-color-5)","background-image":"","background-repeat":"repeat","background-position":"center center","background-size":"auto","background-attachment":"scroll","background-type":"","background-media":"","overlay-type":"","overlay-color":"","overlay-opacity":"","overlay-gradient":""}},"footnotes":""},"categories":[],"tags":[],"class_list":["post-25813","page","type-page","status-publish","hentry"],"featured_image_urls_v2":{"full":"","thumbnail":"","medium":"","medium_large":"","large":"","1536x1536":"","2048x2048":"","menu-24x24":"","menu-36x36":"","menu-48x48":""},"post_excerpt_stackable_v2":"<p>Deklaracja dost\u0119pno\u015bci WST\u0118P DEKLARACJI Uniwersytet Wroc\u0142awski zobowi\u0105zuje si\u0119 zapewni\u0107 dost\u0119pno\u015b\u0107 swojej strony internetowej zgodnie z przepisami ustawy z dnia 4 kwietnia 2019 r. o dost\u0119pno\u015bci cyfrowej stron internetowych i aplikacji mobilnych podmiot\u00f3w publicznych. O\u015bwiadczenie w sprawie dost\u0119pno\u015bci ma zastosowanie do strony internetowej Uniwersytetu Wroc\u0142awskiego. DATY PUBLIKACJI I AKTUALIZACJI Data publikacji strony internetowej: \u2026\u2026.. Data ostatniej istotnej aktualizacji:&nbsp;&nbsp; \u2026\u2026.. Strona internetowa jest cz\u0119\u015bciowo zgodna&nbsp;z ustaw\u0105 z dnia 4 kwietnia 2019 r. o dost\u0119pno\u015bci cyfrowej stron internetowych i aplikacji mobilnych podmiot\u00f3w publicznych z powodu niezgodno\u015bci lub wy\u0142\u0105cze\u0144 wymienionych poni\u017cej. Niedost\u0119pne elementy i tre\u015bci Niekt\u00f3re tre\u015bci nietekstowe mog\u0105 nie posiada\u0107 swojej tekstowej alternatywy.&hellip;<\/p>\n","category_list_v2":"Uncategorized","author_info_v2":{"name":"tomasz.ossowski@uwr.edu.pl","url":"https:\/\/ifd.uwr.edu.pl\/en\/author\/tomasz-ossowskiuwr-edu-pl\/"},"comments_num_v2":"0 comments","acf":[],"yoast_head":"<!-- This site is optimized with the Yoast SEO plugin v27.1.1 - https:\/\/yoast.com\/product\/yoast-seo-wordpress\/ -->\n<title>Accessibility Statement - Institute of Experimental Physics<\/title>\n<meta name=\"robots\" content=\"index, follow, max-snippet:-1, max-image-preview:large, max-video-preview:-1\" \/>\n<link rel=\"canonical\" href=\"https:\/\/ifd.uwr.edu.pl\/en\/accessibility-statement\/\" \/>\n<meta property=\"og:locale\" content=\"en_US\" \/>\n<meta property=\"og:type\" content=\"article\" \/>\n<meta property=\"og:title\" content=\"Accessibility Statement - Institute of Experimental Physics\" \/>\n<meta property=\"og:description\" content=\"Deklaracja dost\u0119pno\u015bci WST\u0118P DEKLARACJI Uniwersytet Wroc\u0142awski zobowi\u0105zuje si\u0119 zapewni\u0107 dost\u0119pno\u015b\u0107 swojej strony internetowej zgodnie z przepisami ustawy z dnia 4 kwietnia 2019 r. o dost\u0119pno\u015bci cyfrowej stron internetowych i aplikacji mobilnych podmiot\u00f3w publicznych. O\u015bwiadczenie w sprawie dost\u0119pno\u015bci ma zastosowanie do strony internetowej Uniwersytetu Wroc\u0142awskiego. DATY PUBLIKACJI I AKTUALIZACJI Data publikacji strony internetowej: \u2026\u2026.. Data ostatniej [&hellip;]\" \/>\n<meta property=\"og:url\" content=\"https:\/\/ifd.uwr.edu.pl\/en\/accessibility-statement\/\" \/>\n<meta property=\"og:site_name\" content=\"Institute of Experimental Physics\" \/>\n<meta property=\"article:modified_time\" content=\"2025-03-17T09:22:13+00:00\" \/>\n<meta name=\"twitter:card\" content=\"summary_large_image\" \/>\n<meta name=\"twitter:label1\" content=\"Est. reading time\" \/>\n\t<meta name=\"twitter:data1\" content=\"4 minutes\" \/>\n<script type=\"application\/ld+json\" class=\"yoast-schema-graph\">{\"@context\":\"https:\/\/schema.org\",\"@graph\":[{\"@type\":\"WebPage\",\"@id\":\"https:\/\/ifd.uwr.edu.pl\/en\/accessibility-statement\/\",\"url\":\"https:\/\/ifd.uwr.edu.pl\/en\/accessibility-statement\/\",\"name\":\"Accessibility Statement - Institute of Experimental Physics\",\"isPartOf\":{\"@id\":\"https:\/\/ifd.uwr.edu.pl\/#website\"},\"datePublished\":\"2025-03-17T09:21:52+00:00\",\"dateModified\":\"2025-03-17T09:22:13+00:00\",\"breadcrumb\":{\"@id\":\"https:\/\/ifd.uwr.edu.pl\/en\/accessibility-statement\/#breadcrumb\"},\"inLanguage\":\"en-US\",\"potentialAction\":[{\"@type\":\"ReadAction\",\"target\":[\"https:\/\/ifd.uwr.edu.pl\/en\/accessibility-statement\/\"]}]},{\"@type\":\"BreadcrumbList\",\"@id\":\"https:\/\/ifd.uwr.edu.pl\/en\/accessibility-statement\/#breadcrumb\",\"itemListElement\":[{\"@type\":\"ListItem\",\"position\":1,\"name\":\"Strona g\u0142\u00f3wna\",\"item\":\"https:\/\/ifd.uwr.edu.pl\/en\/\"},{\"@type\":\"ListItem\",\"position\":2,\"name\":\"Accessibility Statement\"}]},{\"@type\":\"WebSite\",\"@id\":\"https:\/\/ifd.uwr.edu.pl\/#website\",\"url\":\"https:\/\/ifd.uwr.edu.pl\/\",\"name\":\"Institute of Experimental Physics\",\"description\":\"Kolejna witryna sieci \u201eUWR Witryny\u201d\",\"publisher\":{\"@id\":\"https:\/\/ifd.uwr.edu.pl\/#organization\"},\"potentialAction\":[{\"@type\":\"SearchAction\",\"target\":{\"@type\":\"EntryPoint\",\"urlTemplate\":\"https:\/\/ifd.uwr.edu.pl\/?s={search_term_string}\"},\"query-input\":{\"@type\":\"PropertyValueSpecification\",\"valueRequired\":true,\"valueName\":\"search_term_string\"}}],\"inLanguage\":\"en-US\"},{\"@type\":\"Organization\",\"@id\":\"https:\/\/ifd.uwr.edu.pl\/#organization\",\"name\":\"Institute of Experimental Physics\",\"url\":\"https:\/\/ifd.uwr.edu.pl\/\",\"logo\":{\"@type\":\"ImageObject\",\"inLanguage\":\"en-US\",\"@id\":\"https:\/\/ifd.uwr.edu.pl\/#\/schema\/logo\/image\/\",\"url\":\"https:\/\/ifd.uwr.edu.pl\/wp-content\/uploads\/sites\/668\/2025\/10\/UWr-logotyp-2025.png\",\"contentUrl\":\"https:\/\/ifd.uwr.edu.pl\/wp-content\/uploads\/sites\/668\/2025\/10\/UWr-logotyp-2025.png\",\"width\":764,\"height\":269,\"caption\":\"Institute of Experimental Physics\"},\"image\":{\"@id\":\"https:\/\/ifd.uwr.edu.pl\/#\/schema\/logo\/image\/\"}}]}<\/script>\n<!-- \/ Yoast SEO plugin. -->","yoast_head_json":{"title":"Accessibility Statement - Institute of Experimental Physics","robots":{"index":"index","follow":"follow","max-snippet":"max-snippet:-1","max-image-preview":"max-image-preview:large","max-video-preview":"max-video-preview:-1"},"canonical":"https:\/\/ifd.uwr.edu.pl\/en\/accessibility-statement\/","og_locale":"en_US","og_type":"article","og_title":"Accessibility Statement - Institute of Experimental Physics","og_description":"Deklaracja dost\u0119pno\u015bci WST\u0118P DEKLARACJI Uniwersytet Wroc\u0142awski zobowi\u0105zuje si\u0119 zapewni\u0107 dost\u0119pno\u015b\u0107 swojej strony internetowej zgodnie z przepisami ustawy z dnia 4 kwietnia 2019 r. o dost\u0119pno\u015bci cyfrowej stron internetowych i aplikacji mobilnych podmiot\u00f3w publicznych. O\u015bwiadczenie w sprawie dost\u0119pno\u015bci ma zastosowanie do strony internetowej Uniwersytetu Wroc\u0142awskiego. DATY PUBLIKACJI I AKTUALIZACJI Data publikacji strony internetowej: \u2026\u2026.. Data ostatniej [&hellip;]","og_url":"https:\/\/ifd.uwr.edu.pl\/en\/accessibility-statement\/","og_site_name":"Institute of Experimental Physics","article_modified_time":"2025-03-17T09:22:13+00:00","twitter_card":"summary_large_image","twitter_misc":{"Est. reading time":"4 minutes"},"schema":{"@context":"https:\/\/schema.org","@graph":[{"@type":"WebPage","@id":"https:\/\/ifd.uwr.edu.pl\/en\/accessibility-statement\/","url":"https:\/\/ifd.uwr.edu.pl\/en\/accessibility-statement\/","name":"Accessibility Statement - Institute of Experimental Physics","isPartOf":{"@id":"https:\/\/ifd.uwr.edu.pl\/#website"},"datePublished":"2025-03-17T09:21:52+00:00","dateModified":"2025-03-17T09:22:13+00:00","breadcrumb":{"@id":"https:\/\/ifd.uwr.edu.pl\/en\/accessibility-statement\/#breadcrumb"},"inLanguage":"en-US","potentialAction":[{"@type":"ReadAction","target":["https:\/\/ifd.uwr.edu.pl\/en\/accessibility-statement\/"]}]},{"@type":"BreadcrumbList","@id":"https:\/\/ifd.uwr.edu.pl\/en\/accessibility-statement\/#breadcrumb","itemListElement":[{"@type":"ListItem","position":1,"name":"Strona g\u0142\u00f3wna","item":"https:\/\/ifd.uwr.edu.pl\/en\/"},{"@type":"ListItem","position":2,"name":"Accessibility Statement"}]},{"@type":"WebSite","@id":"https:\/\/ifd.uwr.edu.pl\/#website","url":"https:\/\/ifd.uwr.edu.pl\/","name":"Institute of Experimental Physics","description":"Kolejna witryna sieci \u201eUWR Witryny\u201d","publisher":{"@id":"https:\/\/ifd.uwr.edu.pl\/#organization"},"potentialAction":[{"@type":"SearchAction","target":{"@type":"EntryPoint","urlTemplate":"https:\/\/ifd.uwr.edu.pl\/?s={search_term_string}"},"query-input":{"@type":"PropertyValueSpecification","valueRequired":true,"valueName":"search_term_string"}}],"inLanguage":"en-US"},{"@type":"Organization","@id":"https:\/\/ifd.uwr.edu.pl\/#organization","name":"Institute of Experimental Physics","url":"https:\/\/ifd.uwr.edu.pl\/","logo":{"@type":"ImageObject","inLanguage":"en-US","@id":"https:\/\/ifd.uwr.edu.pl\/#\/schema\/logo\/image\/","url":"https:\/\/ifd.uwr.edu.pl\/wp-content\/uploads\/sites\/668\/2025\/10\/UWr-logotyp-2025.png","contentUrl":"https:\/\/ifd.uwr.edu.pl\/wp-content\/uploads\/sites\/668\/2025\/10\/UWr-logotyp-2025.png","width":764,"height":269,"caption":"Institute of Experimental Physics"},"image":{"@id":"https:\/\/ifd.uwr.edu.pl\/#\/schema\/logo\/image\/"}}]}},"publishpress_future_action":{"enabled":false,"date":"2026-05-23 10:35:20","action":"change-status","newStatus":"draft","terms":[],"taxonomy":"category","extraData":[]},"publishpress_future_workflow_manual_trigger":{"enabledWorkflows":[]},"_links":{"self":[{"href":"https:\/\/ifd.uwr.edu.pl\/en\/wp-json\/wp\/v2\/pages\/25813\/"}],"collection":[{"href":"https:\/\/ifd.uwr.edu.pl\/en\/wp-json\/wp\/v2\/pages\/"}],"about":[{"href":"https:\/\/ifd.uwr.edu.pl\/en\/wp-json\/wp\/v2\/types\/page\/"}],"author":[{"embeddable":true,"href":"https:\/\/ifd.uwr.edu.pl\/en\/wp-json\/wp\/v2\/users\/6984\/"}],"replies":[{"embeddable":true,"href":"https:\/\/ifd.uwr.edu.pl\/en\/wp-json\/wp\/v2\/comments\/?post=25813"}],"version-history":[{"count":1,"href":"https:\/\/ifd.uwr.edu.pl\/en\/wp-json\/wp\/v2\/pages\/25813\/revisions\/"}],"predecessor-version":[{"id":25816,"href":"https:\/\/ifd.uwr.edu.pl\/en\/wp-json\/wp\/v2\/pages\/25813\/revisions\/25816\/"}],"wp:attachment":[{"href":"https:\/\/ifd.uwr.edu.pl\/en\/wp-json\/wp\/v2\/media\/?parent=25813"}],"wp:term":[{"taxonomy":"category","embeddable":true,"href":"https:\/\/ifd.uwr.edu.pl\/en\/wp-json\/wp\/v2\/categories\/?post=25813"},{"taxonomy":"post_tag","embeddable":true,"href":"https:\/\/ifd.uwr.edu.pl\/en\/wp-json\/wp\/v2\/tags\/?post=25813"}],"curies":[{"name":"wp","href":"https:\/\/api.w.org\/{rel}","templated":true}]}}