{"id":25897,"date":"2025-03-17T12:27:05","date_gmt":"2025-03-17T11:27:05","guid":{"rendered":"https:\/\/ifd.uwr.edu.pl\/?page_id=25897"},"modified":"2025-03-26T13:27:00","modified_gmt":"2025-03-26T12:27:00","slug":"seminar-for-physics-teachers","status":"publish","type":"page","link":"https:\/\/ifd.uwr.edu.pl\/en\/strona-glowna2-2\/seminars\/seminar-for-physics-teachers\/","title":{"rendered":"Seminar for Physics Teachers"},"content":{"rendered":"\n<div class=\"wp-block-ugb-container ugb-container blok_nowa_podstrona ugb-8dda971 ugb-container--v2 ugb-container--design-plain ugb-main-block\"><div class=\"ugb-inner-block\"><div class=\"ugb-block-content\"><div class=\"ugb-container__wrapper ugb-8dda971-wrapper\"><div class=\"ugb-container__side\"><div class=\"ugb-container__content-wrapper ugb-8dda971-content-wrapper\">\n<div class=\"wp-block-columns bs-news-page is-layout-flex wp-block-columns-is-layout-flex\">\n<div class=\"wp-block-column bs-kontakt-photo is-layout-flow wp-block-column-is-layout-flow\">\n<figure class=\"wp-block-image size-full\"><img decoding=\"async\" src=\"https:\/\/wfa.uwr.edu.pl\/wp-content\/uploads\/sites\/216\/2023\/02\/fot.-Magdalena-Marcula-Biuro-ds.-Promocji-UWr-34-1024x683-1.jpg\" alt=\"Widok sali wyk\u0142adowej\" class=\"wp-image-45624\"\/><\/figure>\n<\/div>\n\n\n\n<div class=\"wp-block-column bs-contact-right-column is-layout-flow wp-block-column-is-layout-flow\">\n<div class=\"wp-block-bonasoft-modular-breadcrumbs-block\"><div class=\"bs_add_breadcrumb_trail\"><\/div><\/div>\n\n\n\n<hr class=\"wp-block-separator has-text-color has-black-color has-css-opacity has-black-background-color has-background is-style-wide bs-border-kontakt\"\/>\n\n\n\n<h1 class=\"wp-block-heading bs-naglowek-podstrony\"><strong>Community Seminar for physics teachers<\/strong><\/h1>\n<\/div>\n<\/div>\n\n\n\n<div class=\"wp-block-ugb-container ugb-container bs-news-page-under ugb-f8694ce ugb-container--v2 ugb-container--design-plain ugb-main-block\"><div class=\"ugb-inner-block\"><div class=\"ugb-block-content\"><div class=\"ugb-container__wrapper ugb-f8694ce-wrapper\"><div class=\"ugb-container__side\"><div class=\"ugb-container__content-wrapper ugb-f8694ce-content-wrapper\">\n<p>Wroc\u0142aw, 20.02.2024<\/p>\n\n\n\n<p><strong>Dear All<\/strong>,<\/p>\n\n\n\n<p>Physics Education Division of the IEP UWr and the Wroc\u0142aw Branch of Polish Physics Society invite you to participate in community seminars:<br><br><strong>&#8220;Physics didactics problems&#8221;.<\/strong><\/p>\n\n\n\n<p>In these meetings, we wish to discuss topics related to teaching physics at various education levels, as well as enable you to listen to interesting lectures on physics and about physics..<\/p>\n\n\n\n<p><strong>The seminars will be held on Wednesdays at 4:00 PM, at the Institute of Experimental Physics of the University of Wroc\u0142aw, Maksa Borna sq. 9, in the room 119. The exception is an away seminar scheduled for Wednesday, 12 June 2024, in Bia\u0142k\u00f3w. <\/strong><\/p>\n\n\n\n<p>The program, for the winter semester of the 2023\/2024 academic year, is as follows:<\/p>\n\n\n\n<figure class=\"wp-block-table\"><table><tbody><tr><td><strong>Dat<\/strong>e<\/td><td><strong>Title<\/strong><\/td><td><strong>Speaker<\/strong><\/td><\/tr><tr><td>20.03.2024<\/td><td>Nauczyciel fizyki w CERN. I co dalej?<\/td><td>Marta M\u0142y\u0144czyk, DODN, XII LO Wroc\u0142aw<br>Dominika Pilak &#8211; Zadworna, Sz. Podst. PARNAS we Wroc\u0142awiu<\/td><\/tr><tr><td>24.04.2024<\/td><td>Panel dyskusyjny: Energia mechaniczna, energia wewn\u0119trzna i energia zewn\u0119trzna?<\/td><td>Ludwik Lehman, II LO G\u0142og\u00f3w<\/td><\/tr><tr><td>22.05.2024<\/td><td>Od elektroniki molekularnej do fizyki w szkole<\/td><td>Wojciech Kami\u0144ski, Instytut Fizyki<br>Do\u015bwiadczalnej UWr<\/td><\/tr><tr><td>12.06.2024<\/td><td>Seminarium wyjazdowe \u2013 zapoznanie z O\u015brodkiem Edukacji Astronomicznej w Bia\u0142kowie (miejsce: Bia\u0142k\u00f3w)<\/td><td>Pawe\u0142 Rudawy, Instytut Astronomiczny UWr<\/td><\/tr><\/tbody><\/table><\/figure>\n\n\n\n<p><\/p>\n\n\n\n<p>We will issue a named confirmation of participation in the seminar to those interested if they attend all 4 meetings in the semester.<\/p>\n\n\n\n<p><em>We warmly invite you<\/em><\/p>\n\n\n\n<p>dr hab. Robert Bryl, Head<\/p>\n<\/div><\/div><\/div><\/div><\/div><\/div>\n<\/div><\/div><\/div><\/div><\/div><\/div>\n","protected":false},"excerpt":{"rendered":"<p>Community Seminar for physics teachers Wroc\u0142aw, 20.02.2024 Dear All, Physics Education Division of the IEP UWr and the Wroc\u0142aw Branch of Polish Physics Society invite you to participate in community seminars: &#8220;Physics didactics problems&#8221;. In these meetings, we wish to discuss topics related to teaching physics at various education levels, as well as enable you [&hellip;]<\/p>\n","protected":false},"author":6984,"featured_media":907,"parent":25885,"menu_order":0,"comment_status":"closed","ping_status":"closed","template":"","meta":{"_acf_changed":false,"inline_featured_image":false,"site-sidebar-layout":"default","site-content-layout":"","ast-site-content-layout":"default","site-content-style":"default","site-sidebar-style":"default","ast-global-header-display":"","ast-banner-title-visibility":"","ast-main-header-display":"","ast-hfb-above-header-display":"","ast-hfb-below-header-display":"","ast-hfb-mobile-header-display":"","site-post-title":"","ast-breadcrumbs-content":"","ast-featured-img":"","footer-sml-layout":"","ast-disable-related-posts":"","theme-transparent-header-meta":"","adv-header-id-meta":"","stick-header-meta":"","header-above-stick-meta":"","header-main-stick-meta":"","header-below-stick-meta":"","astra-migrate-meta-layouts":"set","ast-page-background-enabled":"default","ast-page-background-meta":{"desktop":{"background-color":"","background-image":"","background-repeat":"repeat","background-position":"center center","background-size":"auto","background-attachment":"scroll","background-type":"","background-media":"","overlay-type":"","overlay-color":"","overlay-opacity":"","overlay-gradient":""},"tablet":{"background-color":"","background-image":"","background-repeat":"repeat","background-position":"center center","background-size":"auto","background-attachment":"scroll","background-type":"","background-media":"","overlay-type":"","overlay-color":"","overlay-opacity":"","overlay-gradient":""},"mobile":{"background-color":"","background-image":"","background-repeat":"repeat","background-position":"center center","background-size":"auto","background-attachment":"scroll","background-type":"","background-media":"","overlay-type":"","overlay-color":"","overlay-opacity":"","overlay-gradient":""}},"ast-content-background-meta":{"desktop":{"background-color":"var(--ast-global-color-5)","background-image":"","background-repeat":"repeat","background-position":"center center","background-size":"auto","background-attachment":"scroll","background-type":"","background-media":"","overlay-type":"","overlay-color":"","overlay-opacity":"","overlay-gradient":""},"tablet":{"background-color":"var(--ast-global-color-5)","background-image":"","background-repeat":"repeat","background-position":"center center","background-size":"auto","background-attachment":"scroll","background-type":"","background-media":"","overlay-type":"","overlay-color":"","overlay-opacity":"","overlay-gradient":""},"mobile":{"background-color":"var(--ast-global-color-5)","background-image":"","background-repeat":"repeat","background-position":"center center","background-size":"auto","background-attachment":"scroll","background-type":"","background-media":"","overlay-type":"","overlay-color":"","overlay-opacity":"","overlay-gradient":""}},"footnotes":""},"categories":[],"tags":[],"class_list":["post-25897","page","type-page","status-publish","has-post-thumbnail","hentry"],"featured_image_urls_v2":{"full":["https:\/\/ifd.uwr.edu.pl\/wp-content\/uploads\/sites\/668\/2021\/02\/pracownia-humanistyki-cyfrowej-4-fot.-DOMINIKA.jpg",2500,1627,false],"thumbnail":["https:\/\/ifd.uwr.edu.pl\/wp-content\/uploads\/sites\/668\/2021\/02\/pracownia-humanistyki-cyfrowej-4-fot.-DOMINIKA-150x150.jpg",150,150,true],"medium":["https:\/\/ifd.uwr.edu.pl\/wp-content\/uploads\/sites\/668\/2021\/02\/pracownia-humanistyki-cyfrowej-4-fot.-DOMINIKA-300x195.jpg",300,195,true],"medium_large":["https:\/\/ifd.uwr.edu.pl\/wp-content\/uploads\/sites\/668\/2021\/02\/pracownia-humanistyki-cyfrowej-4-fot.-DOMINIKA-768x500.jpg",768,500,true],"large":["https:\/\/ifd.uwr.edu.pl\/wp-content\/uploads\/sites\/668\/2021\/02\/pracownia-humanistyki-cyfrowej-4-fot.-DOMINIKA-1024x666.jpg",1024,666,true],"1536x1536":["https:\/\/ifd.uwr.edu.pl\/wp-content\/uploads\/sites\/668\/2021\/02\/pracownia-humanistyki-cyfrowej-4-fot.-DOMINIKA-1536x1000.jpg",1536,1000,true],"2048x2048":["https:\/\/ifd.uwr.edu.pl\/wp-content\/uploads\/sites\/668\/2021\/02\/pracownia-humanistyki-cyfrowej-4-fot.-DOMINIKA-2048x1333.jpg",2048,1333,true],"menu-24x24":["https:\/\/ifd.uwr.edu.pl\/wp-content\/uploads\/sites\/668\/2021\/02\/pracownia-humanistyki-cyfrowej-4-fot.-DOMINIKA-24x16.jpg",24,16,true],"menu-36x36":["https:\/\/ifd.uwr.edu.pl\/wp-content\/uploads\/sites\/668\/2021\/02\/pracownia-humanistyki-cyfrowej-4-fot.-DOMINIKA-36x23.jpg",36,23,true],"menu-48x48":["https:\/\/ifd.uwr.edu.pl\/wp-content\/uploads\/sites\/668\/2021\/02\/pracownia-humanistyki-cyfrowej-4-fot.-DOMINIKA-48x31.jpg",48,31,true]},"post_excerpt_stackable_v2":"<p>Community Seminar for physics teachers Wroc\u0142aw, 20.02.2024 Dear All, Physics Education Division of the IEP UWr and the Wroc\u0142aw Branch of Polish Physics Society invite you to participate in community seminars:&#8220;Physics didactics problems&#8221;. In these meetings, we wish to discuss topics related to teaching physics at various education levels, as well as enable you to listen to interesting lectures on physics and about physics.. The seminars will be held on Wednesdays at 4:00 PM, at the Institute of Experimental Physics of the University of Wroc\u0142aw, Maksa Borna sq. 9, in the room 119. The exception is an away seminar scheduled&hellip;<\/p>\n","category_list_v2":"Uncategorized","author_info_v2":{"name":"tomasz.ossowski@uwr.edu.pl","url":"https:\/\/ifd.uwr.edu.pl\/en\/author\/tomasz-ossowskiuwr-edu-pl\/"},"comments_num_v2":"0 comments","acf":[],"yoast_head":"<!-- This site is optimized with the Yoast SEO plugin v27.1.1 - https:\/\/yoast.com\/product\/yoast-seo-wordpress\/ -->\n<title>Seminar for Physics Teachers - Institute of Experimental Physics<\/title>\n<meta name=\"robots\" content=\"index, follow, max-snippet:-1, max-image-preview:large, max-video-preview:-1\" \/>\n<link rel=\"canonical\" href=\"https:\/\/ifd.uwr.edu.pl\/en\/strona-glowna2-2\/seminars\/seminar-for-physics-teachers\/\" \/>\n<meta property=\"og:locale\" content=\"en_US\" \/>\n<meta property=\"og:type\" content=\"article\" \/>\n<meta property=\"og:title\" content=\"Seminar for Physics Teachers - Institute of Experimental Physics\" \/>\n<meta property=\"og:description\" content=\"Community Seminar for physics teachers Wroc\u0142aw, 20.02.2024 Dear All, Physics Education Division of the IEP UWr and the Wroc\u0142aw Branch of Polish Physics Society invite you to participate in community seminars: &#8220;Physics didactics problems&#8221;. In these meetings, we wish to discuss topics related to teaching physics at various education levels, as well as enable you [&hellip;]\" \/>\n<meta property=\"og:url\" content=\"https:\/\/ifd.uwr.edu.pl\/en\/strona-glowna2-2\/seminars\/seminar-for-physics-teachers\/\" \/>\n<meta property=\"og:site_name\" content=\"Institute of Experimental Physics\" \/>\n<meta property=\"article:modified_time\" content=\"2025-03-26T12:27:00+00:00\" \/>\n<meta property=\"og:image\" content=\"https:\/\/ifd.uwr.edu.pl\/wp-content\/uploads\/sites\/668\/2021\/02\/pracownia-humanistyki-cyfrowej-4-fot.-DOMINIKA.jpg\" \/>\n\t<meta property=\"og:image:width\" content=\"2500\" \/>\n\t<meta property=\"og:image:height\" content=\"1627\" \/>\n\t<meta property=\"og:image:type\" content=\"image\/jpeg\" \/>\n<meta name=\"twitter:card\" content=\"summary_large_image\" \/>\n<meta name=\"twitter:label1\" content=\"Est. reading time\" \/>\n\t<meta name=\"twitter:data1\" content=\"2 minutes\" \/>\n<script type=\"application\/ld+json\" class=\"yoast-schema-graph\">{\"@context\":\"https:\/\/schema.org\",\"@graph\":[{\"@type\":\"WebPage\",\"@id\":\"https:\/\/ifd.uwr.edu.pl\/en\/strona-glowna2-2\/seminars\/seminar-for-physics-teachers\/\",\"url\":\"https:\/\/ifd.uwr.edu.pl\/en\/strona-glowna2-2\/seminars\/seminar-for-physics-teachers\/\",\"name\":\"Seminar for Physics Teachers - Institute of Experimental Physics\",\"isPartOf\":{\"@id\":\"https:\/\/ifd.uwr.edu.pl\/#website\"},\"primaryImageOfPage\":{\"@id\":\"https:\/\/ifd.uwr.edu.pl\/en\/strona-glowna2-2\/seminars\/seminar-for-physics-teachers\/#primaryimage\"},\"image\":{\"@id\":\"https:\/\/ifd.uwr.edu.pl\/en\/strona-glowna2-2\/seminars\/seminar-for-physics-teachers\/#primaryimage\"},\"thumbnailUrl\":\"https:\/\/ifd.uwr.edu.pl\/wp-content\/uploads\/sites\/668\/2021\/02\/pracownia-humanistyki-cyfrowej-4-fot.-DOMINIKA.jpg\",\"datePublished\":\"2025-03-17T11:27:05+00:00\",\"dateModified\":\"2025-03-26T12:27:00+00:00\",\"breadcrumb\":{\"@id\":\"https:\/\/ifd.uwr.edu.pl\/en\/strona-glowna2-2\/seminars\/seminar-for-physics-teachers\/#breadcrumb\"},\"inLanguage\":\"en-US\",\"potentialAction\":[{\"@type\":\"ReadAction\",\"target\":[\"https:\/\/ifd.uwr.edu.pl\/en\/strona-glowna2-2\/seminars\/seminar-for-physics-teachers\/\"]}]},{\"@type\":\"ImageObject\",\"inLanguage\":\"en-US\",\"@id\":\"https:\/\/ifd.uwr.edu.pl\/en\/strona-glowna2-2\/seminars\/seminar-for-physics-teachers\/#primaryimage\",\"url\":\"https:\/\/ifd.uwr.edu.pl\/wp-content\/uploads\/sites\/668\/2021\/02\/pracownia-humanistyki-cyfrowej-4-fot.-DOMINIKA.jpg\",\"contentUrl\":\"https:\/\/ifd.uwr.edu.pl\/wp-content\/uploads\/sites\/668\/2021\/02\/pracownia-humanistyki-cyfrowej-4-fot.-DOMINIKA.jpg\",\"width\":2500,\"height\":1627,\"caption\":\"Skaner ko\u0142yskowy\"},{\"@type\":\"BreadcrumbList\",\"@id\":\"https:\/\/ifd.uwr.edu.pl\/en\/strona-glowna2-2\/seminars\/seminar-for-physics-teachers\/#breadcrumb\",\"itemListElement\":[{\"@type\":\"ListItem\",\"position\":1,\"name\":\"Strona g\u0142\u00f3wna\",\"item\":\"https:\/\/ifd.uwr.edu.pl\/en\/\"},{\"@type\":\"ListItem\",\"position\":2,\"name\":\"Homepage\",\"item\":\"https:\/\/ifd.uwr.edu.pl\/en\/\"},{\"@type\":\"ListItem\",\"position\":3,\"name\":\"Seminars\",\"item\":\"https:\/\/ifd.uwr.edu.pl\/en\/strona-glowna2-2\/seminars\/\"},{\"@type\":\"ListItem\",\"position\":4,\"name\":\"Seminar for Physics Teachers\"}]},{\"@type\":\"WebSite\",\"@id\":\"https:\/\/ifd.uwr.edu.pl\/#website\",\"url\":\"https:\/\/ifd.uwr.edu.pl\/\",\"name\":\"Institute of Experimental Physics\",\"description\":\"Kolejna witryna sieci \u201eUWR Witryny\u201d\",\"publisher\":{\"@id\":\"https:\/\/ifd.uwr.edu.pl\/#organization\"},\"potentialAction\":[{\"@type\":\"SearchAction\",\"target\":{\"@type\":\"EntryPoint\",\"urlTemplate\":\"https:\/\/ifd.uwr.edu.pl\/?s={search_term_string}\"},\"query-input\":{\"@type\":\"PropertyValueSpecification\",\"valueRequired\":true,\"valueName\":\"search_term_string\"}}],\"inLanguage\":\"en-US\"},{\"@type\":\"Organization\",\"@id\":\"https:\/\/ifd.uwr.edu.pl\/#organization\",\"name\":\"Institute of Experimental Physics\",\"url\":\"https:\/\/ifd.uwr.edu.pl\/\",\"logo\":{\"@type\":\"ImageObject\",\"inLanguage\":\"en-US\",\"@id\":\"https:\/\/ifd.uwr.edu.pl\/#\/schema\/logo\/image\/\",\"url\":\"https:\/\/ifd.uwr.edu.pl\/wp-content\/uploads\/sites\/668\/2025\/10\/UWr-logotyp-2025.png\",\"contentUrl\":\"https:\/\/ifd.uwr.edu.pl\/wp-content\/uploads\/sites\/668\/2025\/10\/UWr-logotyp-2025.png\",\"width\":764,\"height\":269,\"caption\":\"Institute of Experimental Physics\"},\"image\":{\"@id\":\"https:\/\/ifd.uwr.edu.pl\/#\/schema\/logo\/image\/\"}}]}<\/script>\n<!-- \/ Yoast SEO plugin. -->","yoast_head_json":{"title":"Seminar for Physics Teachers - Institute of Experimental Physics","robots":{"index":"index","follow":"follow","max-snippet":"max-snippet:-1","max-image-preview":"max-image-preview:large","max-video-preview":"max-video-preview:-1"},"canonical":"https:\/\/ifd.uwr.edu.pl\/en\/strona-glowna2-2\/seminars\/seminar-for-physics-teachers\/","og_locale":"en_US","og_type":"article","og_title":"Seminar for Physics Teachers - Institute of Experimental Physics","og_description":"Community Seminar for physics teachers Wroc\u0142aw, 20.02.2024 Dear All, Physics Education Division of the IEP UWr and the Wroc\u0142aw Branch of Polish Physics Society invite you to participate in community seminars: &#8220;Physics didactics problems&#8221;. In these meetings, we wish to discuss topics related to teaching physics at various education levels, as well as enable you [&hellip;]","og_url":"https:\/\/ifd.uwr.edu.pl\/en\/strona-glowna2-2\/seminars\/seminar-for-physics-teachers\/","og_site_name":"Institute of Experimental Physics","article_modified_time":"2025-03-26T12:27:00+00:00","og_image":[{"width":2500,"height":1627,"url":"https:\/\/ifd.uwr.edu.pl\/wp-content\/uploads\/sites\/668\/2021\/02\/pracownia-humanistyki-cyfrowej-4-fot.-DOMINIKA.jpg","type":"image\/jpeg"}],"twitter_card":"summary_large_image","twitter_misc":{"Est. reading time":"2 minutes"},"schema":{"@context":"https:\/\/schema.org","@graph":[{"@type":"WebPage","@id":"https:\/\/ifd.uwr.edu.pl\/en\/strona-glowna2-2\/seminars\/seminar-for-physics-teachers\/","url":"https:\/\/ifd.uwr.edu.pl\/en\/strona-glowna2-2\/seminars\/seminar-for-physics-teachers\/","name":"Seminar for Physics Teachers - Institute of Experimental Physics","isPartOf":{"@id":"https:\/\/ifd.uwr.edu.pl\/#website"},"primaryImageOfPage":{"@id":"https:\/\/ifd.uwr.edu.pl\/en\/strona-glowna2-2\/seminars\/seminar-for-physics-teachers\/#primaryimage"},"image":{"@id":"https:\/\/ifd.uwr.edu.pl\/en\/strona-glowna2-2\/seminars\/seminar-for-physics-teachers\/#primaryimage"},"thumbnailUrl":"https:\/\/ifd.uwr.edu.pl\/wp-content\/uploads\/sites\/668\/2021\/02\/pracownia-humanistyki-cyfrowej-4-fot.-DOMINIKA.jpg","datePublished":"2025-03-17T11:27:05+00:00","dateModified":"2025-03-26T12:27:00+00:00","breadcrumb":{"@id":"https:\/\/ifd.uwr.edu.pl\/en\/strona-glowna2-2\/seminars\/seminar-for-physics-teachers\/#breadcrumb"},"inLanguage":"en-US","potentialAction":[{"@type":"ReadAction","target":["https:\/\/ifd.uwr.edu.pl\/en\/strona-glowna2-2\/seminars\/seminar-for-physics-teachers\/"]}]},{"@type":"ImageObject","inLanguage":"en-US","@id":"https:\/\/ifd.uwr.edu.pl\/en\/strona-glowna2-2\/seminars\/seminar-for-physics-teachers\/#primaryimage","url":"https:\/\/ifd.uwr.edu.pl\/wp-content\/uploads\/sites\/668\/2021\/02\/pracownia-humanistyki-cyfrowej-4-fot.-DOMINIKA.jpg","contentUrl":"https:\/\/ifd.uwr.edu.pl\/wp-content\/uploads\/sites\/668\/2021\/02\/pracownia-humanistyki-cyfrowej-4-fot.-DOMINIKA.jpg","width":2500,"height":1627,"caption":"Skaner ko\u0142yskowy"},{"@type":"BreadcrumbList","@id":"https:\/\/ifd.uwr.edu.pl\/en\/strona-glowna2-2\/seminars\/seminar-for-physics-teachers\/#breadcrumb","itemListElement":[{"@type":"ListItem","position":1,"name":"Strona g\u0142\u00f3wna","item":"https:\/\/ifd.uwr.edu.pl\/en\/"},{"@type":"ListItem","position":2,"name":"Homepage","item":"https:\/\/ifd.uwr.edu.pl\/en\/"},{"@type":"ListItem","position":3,"name":"Seminars","item":"https:\/\/ifd.uwr.edu.pl\/en\/strona-glowna2-2\/seminars\/"},{"@type":"ListItem","position":4,"name":"Seminar for Physics Teachers"}]},{"@type":"WebSite","@id":"https:\/\/ifd.uwr.edu.pl\/#website","url":"https:\/\/ifd.uwr.edu.pl\/","name":"Institute of Experimental Physics","description":"Kolejna witryna sieci \u201eUWR Witryny\u201d","publisher":{"@id":"https:\/\/ifd.uwr.edu.pl\/#organization"},"potentialAction":[{"@type":"SearchAction","target":{"@type":"EntryPoint","urlTemplate":"https:\/\/ifd.uwr.edu.pl\/?s={search_term_string}"},"query-input":{"@type":"PropertyValueSpecification","valueRequired":true,"valueName":"search_term_string"}}],"inLanguage":"en-US"},{"@type":"Organization","@id":"https:\/\/ifd.uwr.edu.pl\/#organization","name":"Institute of Experimental Physics","url":"https:\/\/ifd.uwr.edu.pl\/","logo":{"@type":"ImageObject","inLanguage":"en-US","@id":"https:\/\/ifd.uwr.edu.pl\/#\/schema\/logo\/image\/","url":"https:\/\/ifd.uwr.edu.pl\/wp-content\/uploads\/sites\/668\/2025\/10\/UWr-logotyp-2025.png","contentUrl":"https:\/\/ifd.uwr.edu.pl\/wp-content\/uploads\/sites\/668\/2025\/10\/UWr-logotyp-2025.png","width":764,"height":269,"caption":"Institute of Experimental Physics"},"image":{"@id":"https:\/\/ifd.uwr.edu.pl\/#\/schema\/logo\/image\/"}}]}},"publishpress_future_action":{"enabled":false,"date":"2026-05-23 10:36:58","action":"change-status","newStatus":"draft","terms":[],"taxonomy":"category","extraData":[]},"publishpress_future_workflow_manual_trigger":{"enabledWorkflows":[]},"_links":{"self":[{"href":"https:\/\/ifd.uwr.edu.pl\/en\/wp-json\/wp\/v2\/pages\/25897\/"}],"collection":[{"href":"https:\/\/ifd.uwr.edu.pl\/en\/wp-json\/wp\/v2\/pages\/"}],"about":[{"href":"https:\/\/ifd.uwr.edu.pl\/en\/wp-json\/wp\/v2\/types\/page\/"}],"author":[{"embeddable":true,"href":"https:\/\/ifd.uwr.edu.pl\/en\/wp-json\/wp\/v2\/users\/6984\/"}],"replies":[{"embeddable":true,"href":"https:\/\/ifd.uwr.edu.pl\/en\/wp-json\/wp\/v2\/comments\/?post=25897"}],"version-history":[{"count":2,"href":"https:\/\/ifd.uwr.edu.pl\/en\/wp-json\/wp\/v2\/pages\/25897\/revisions\/"}],"predecessor-version":[{"id":26515,"href":"https:\/\/ifd.uwr.edu.pl\/en\/wp-json\/wp\/v2\/pages\/25897\/revisions\/26515\/"}],"up":[{"embeddable":true,"href":"https:\/\/ifd.uwr.edu.pl\/en\/wp-json\/wp\/v2\/pages\/25885\/"}],"wp:featuredmedia":[{"embeddable":true,"href":"https:\/\/ifd.uwr.edu.pl\/en\/wp-json\/wp\/v2\/media\/907\/"}],"wp:attachment":[{"href":"https:\/\/ifd.uwr.edu.pl\/en\/wp-json\/wp\/v2\/media\/?parent=25897"}],"wp:term":[{"taxonomy":"category","embeddable":true,"href":"https:\/\/ifd.uwr.edu.pl\/en\/wp-json\/wp\/v2\/categories\/?post=25897"},{"taxonomy":"post_tag","embeddable":true,"href":"https:\/\/ifd.uwr.edu.pl\/en\/wp-json\/wp\/v2\/tags\/?post=25897"}],"curies":[{"name":"wp","href":"https:\/\/api.w.org\/{rel}","templated":true}]}}