{"id":25909,"date":"2025-03-17T12:30:38","date_gmt":"2025-03-17T11:30:38","guid":{"rendered":"https:\/\/ifd.uwr.edu.pl\/?page_id=25909"},"modified":"2026-05-12T14:13:19","modified_gmt":"2026-05-12T12:13:19","slug":"nuclear-and-dielectric-physics-division-seminar","status":"publish","type":"page","link":"https:\/\/ifd.uwr.edu.pl\/en\/strona-glowna2-2\/seminars\/nuclear-and-dielectric-physics-division-seminar\/","title":{"rendered":"Nuclear and Dielectric Physics Division Seminar"},"content":{"rendered":"\n<div class=\"wp-block-ugb-container ugb-container blok_nowa_podstrona ugb-8dda971 ugb-container--v2 ugb-container--design-plain ugb-main-block\"><div class=\"ugb-inner-block\"><div class=\"ugb-block-content\"><div class=\"ugb-container__wrapper ugb-8dda971-wrapper\"><div class=\"ugb-container__side\"><div class=\"ugb-container__content-wrapper ugb-8dda971-content-wrapper\">\n<div class=\"wp-block-columns bs-news-page is-layout-flex wp-block-columns-is-layout-flex\">\n<div class=\"wp-block-column bs-kontakt-photo is-layout-flow wp-block-column-is-layout-flow\">\n<figure class=\"wp-block-image size-full\"><img decoding=\"async\" src=\"https:\/\/wfa.uwr.edu.pl\/wp-content\/uploads\/sites\/216\/2023\/02\/Kolyska-Newtona.jpg\" alt=\"Ko\u0142yska Newtona\" class=\"wp-image-45645\"\/><\/figure>\n<\/div>\n\n\n\n<div class=\"wp-block-column bs-contact-right-column is-layout-flow wp-block-column-is-layout-flow\">\n<div class=\"wp-block-bonasoft-modular-breadcrumbs-block\"><div class=\"bs_add_breadcrumb_trail\"><\/div><\/div>\n\n\n\n<hr class=\"wp-block-separator has-text-color has-black-color has-css-opacity has-black-background-color has-background is-style-wide bs-border-kontakt\"\/>\n\n\n\n<h1 class=\"wp-block-heading bs-naglowek-podstrony\"><strong>Macroscopic Quantum Phenomena and Functional Materials Division seminar<\/strong><\/h1>\n<\/div>\n<\/div>\n\n\n\n<div class=\"wp-block-ugb-container ugb-container bs-news-page-under ugb-f8694ce ugb-container--v2 ugb-container--design-plain ugb-main-block\"><div class=\"ugb-inner-block\"><div class=\"ugb-block-content\"><div class=\"ugb-container__wrapper ugb-f8694ce-wrapper\"><div class=\"ugb-container__side\"><div class=\"ugb-container__content-wrapper ugb-f8694ce-content-wrapper\">\n<p><strong>Date<\/strong>: May 15, 2026<br><strong>Topic<\/strong>: Projektowanie i charakteryzacja nadprzewodz\u0105cych stop\u00f3w o wysokiej entropii.<br><strong>Speaker<\/strong>: mgr Wojciech Nowak, Wydzia\u0142 Fizyki i Astronomii, Uniwersytet Wroc\u0142awski<\/p>\n\n\n\n<p><strong>Date<\/strong>: May 08, 2026<br><strong>Topic<\/strong>: J-PET &#8211; metody obrazowania, polaryzacja i spl\u0105tanie foton\u00f3w, \u0142amanie symetrii CPT.<br><strong>Speaker<\/strong>: dr hab. Ewa D\u0119bowska, prof. UWr, Wydzia\u0142 Fizyki i Astronomii, Uniwersytet Wroc\u0142awski<\/p>\n\n\n\n<p><strong>Dat<\/strong>e: Mar 06, 2026<br><strong>Topic<\/strong>: Faza sigma w stopach o wysokiej entropii.<br><strong>Speaker<\/strong>: dr hab. Rafa\u0142 Idczak, prof. UWr, Wydzia\u0142 Fizyki i Astronomii, Uniwersytet Wroc\u0142awski<\/p>\n\n\n\n<p><strong><strong>Date<\/strong><\/strong>: Nov 28, 2025<br><strong><strong>Topic<\/strong><\/strong>: \u015acie\u017cki zwi\u0119kszenia g\u0119sto\u015bci pr\u0105du krytycznego w stopach HEA na przyk\u0142adzie stopu Ti0.5(NbZrHfTa)0.5.<br><strong><strong>Speaker<\/strong><\/strong>: dr Piotr Sobota, Wydzia\u0142 Fizyki i Astronomii, Uniwersytet Wroc\u0142awski<\/p>\n\n\n\n<p><strong><strong>Date<\/strong><\/strong>: Jun 06, 2025<br><strong><strong>Topic<\/strong><\/strong>: Pr\u0105dy krytyczne w nadprzewodnikach HEA.<br><strong><strong>Speaker<\/strong><\/strong>: dr hab. Rafa\u0142 Idczak, prof. UWr, Wydzia\u0142 Fizyki i Astronomii, Uniwersytet Wroc\u0142awski<\/p>\n\n\n\n<p><strong>Date<\/strong>: Mar 07, 2025<br><strong>Topic<\/strong>: Badania strukturalne kryszta\u0142\u00f3w kwas\u00f3w fenamowych z amantadyn\u0105.<br><strong>Speaker<\/strong>: dr Monika Krawczyk, Wydzia\u0142 Fizyki i Astronomii, Uniwersytet Wroc\u0142awski<\/p>\n\n\n\n<p><strong>Date<\/strong>: Jan 31, 2025<br><strong>Topic<\/strong>: Prezentacja aparatury PPMS<br><strong>Speaker<\/strong>: dr hab. Rafa\u0142 Idczak, prof. UWr, Wydzia\u0142 Fizyki i Astronomii, Uniwersytet Wroc\u0142awski<\/p>\n\n\n\n<p><strong>Date<\/strong>: Dec 20, 2024<br><strong>Topic<\/strong>: Nadprzewodnictwo w stopach wysokiej entropii krystalizuj\u0105cych w strukturach typu CsCl oraz CuAl2<br><strong>Speaker<\/strong>: mgr Bartosz Rusin, Wydzia\u0142 Fizyki i Astronomii, Uniwersytet Wroc\u0142awski<\/p>\n\n\n\n<p><strong>Date<\/strong>: Nov 29, 2024<br><strong>Topic<\/strong>: Nowy nadprzewodz\u0105cy stop HEA zawieraj\u0105cy uran<br><strong>Speaker<\/strong>: mgr Wojciech Nowak, Wydzia\u0142 Fizyki i Astronomii, Uniwersytet Wroc\u0142awski<\/p>\n\n\n\n<p><strong>Date<\/strong>: Nov 08, 2024<br><strong>Topic<\/strong>: \u00a0Wp\u0142yw nanocz\u0105stek ZrO2 na struktur\u0119\u00a0i\u00a0w\u0142a\u015bciwo\u015bci nadprzewodz\u0105cego stopu Nb-Ti<br><strong>Speaker<\/strong>: dr hab. Rafa\u0142 Idczak, prof. UWr, Wydzia\u0142 Fizyki i Astronomii, Uniwersytet Wroc\u0142awski<\/p>\n<\/div><\/div><\/div><\/div><\/div><\/div>\n<\/div><\/div><\/div><\/div><\/div><\/div>\n","protected":false},"excerpt":{"rendered":"<p>Macroscopic Quantum Phenomena and Functional Materials Division seminar Date: May 15, 2026Topic: Projektowanie i charakteryzacja nadprzewodz\u0105cych stop\u00f3w o wysokiej entropii.Speaker: mgr Wojciech Nowak, Wydzia\u0142 Fizyki i Astronomii, Uniwersytet Wroc\u0142awski Date: May 08, 2026Topic: J-PET &#8211; metody obrazowania, polaryzacja i spl\u0105tanie foton\u00f3w, \u0142amanie symetrii CPT.Speaker: dr hab. Ewa D\u0119bowska, prof. UWr, Wydzia\u0142 Fizyki i Astronomii, Uniwersytet [&hellip;]<\/p>\n","protected":false},"author":6984,"featured_media":24740,"parent":25885,"menu_order":0,"comment_status":"closed","ping_status":"closed","template":"","meta":{"_acf_changed":false,"inline_featured_image":false,"site-sidebar-layout":"default","site-content-layout":"","ast-site-content-layout":"default","site-content-style":"default","site-sidebar-style":"default","ast-global-header-display":"","ast-banner-title-visibility":"","ast-main-header-display":"","ast-hfb-above-header-display":"","ast-hfb-below-header-display":"","ast-hfb-mobile-header-display":"","site-post-title":"","ast-breadcrumbs-content":"","ast-featured-img":"","footer-sml-layout":"","ast-disable-related-posts":"","theme-transparent-header-meta":"","adv-header-id-meta":"","stick-header-meta":"","header-above-stick-meta":"","header-main-stick-meta":"","header-below-stick-meta":"","astra-migrate-meta-layouts":"set","ast-page-background-enabled":"default","ast-page-background-meta":{"desktop":{"background-color":"","background-image":"","background-repeat":"repeat","background-position":"center center","background-size":"auto","background-attachment":"scroll","background-type":"","background-media":"","overlay-type":"","overlay-color":"","overlay-opacity":"","overlay-gradient":""},"tablet":{"background-color":"","background-image":"","background-repeat":"repeat","background-position":"center center","background-size":"auto","background-attachment":"scroll","background-type":"","background-media":"","overlay-type":"","overlay-color":"","overlay-opacity":"","overlay-gradient":""},"mobile":{"background-color":"","background-image":"","background-repeat":"repeat","background-position":"center center","background-size":"auto","background-attachment":"scroll","background-type":"","background-media":"","overlay-type":"","overlay-color":"","overlay-opacity":"","overlay-gradient":""}},"ast-content-background-meta":{"desktop":{"background-color":"var(--ast-global-color-5)","background-image":"","background-repeat":"repeat","background-position":"center center","background-size":"auto","background-attachment":"scroll","background-type":"","background-media":"","overlay-type":"","overlay-color":"","overlay-opacity":"","overlay-gradient":""},"tablet":{"background-color":"var(--ast-global-color-5)","background-image":"","background-repeat":"repeat","background-position":"center center","background-size":"auto","background-attachment":"scroll","background-type":"","background-media":"","overlay-type":"","overlay-color":"","overlay-opacity":"","overlay-gradient":""},"mobile":{"background-color":"var(--ast-global-color-5)","background-image":"","background-repeat":"repeat","background-position":"center center","background-size":"auto","background-attachment":"scroll","background-type":"","background-media":"","overlay-type":"","overlay-color":"","overlay-opacity":"","overlay-gradient":""}},"footnotes":""},"categories":[],"tags":[],"class_list":["post-25909","page","type-page","status-publish","has-post-thumbnail","hentry"],"featured_image_urls_v2":{"full":["https:\/\/ifd.uwr.edu.pl\/wp-content\/uploads\/sites\/668\/2024\/12\/Kolyska-Newtona.webp",1024,718,false],"thumbnail":["https:\/\/ifd.uwr.edu.pl\/wp-content\/uploads\/sites\/668\/2024\/12\/Kolyska-Newtona-150x150.webp",150,150,true],"medium":["https:\/\/ifd.uwr.edu.pl\/wp-content\/uploads\/sites\/668\/2024\/12\/Kolyska-Newtona-300x210.webp",300,210,true],"medium_large":["https:\/\/ifd.uwr.edu.pl\/wp-content\/uploads\/sites\/668\/2024\/12\/Kolyska-Newtona-768x539.webp",768,539,true],"large":["https:\/\/ifd.uwr.edu.pl\/wp-content\/uploads\/sites\/668\/2024\/12\/Kolyska-Newtona.webp",1024,718,false],"1536x1536":["https:\/\/ifd.uwr.edu.pl\/wp-content\/uploads\/sites\/668\/2024\/12\/Kolyska-Newtona.webp",1024,718,false],"2048x2048":["https:\/\/ifd.uwr.edu.pl\/wp-content\/uploads\/sites\/668\/2024\/12\/Kolyska-Newtona.webp",1024,718,false],"menu-24x24":["https:\/\/ifd.uwr.edu.pl\/wp-content\/uploads\/sites\/668\/2024\/12\/Kolyska-Newtona-24x17.webp",24,17,true],"menu-36x36":["https:\/\/ifd.uwr.edu.pl\/wp-content\/uploads\/sites\/668\/2024\/12\/Kolyska-Newtona-36x25.webp",36,25,true],"menu-48x48":["https:\/\/ifd.uwr.edu.pl\/wp-content\/uploads\/sites\/668\/2024\/12\/Kolyska-Newtona-48x34.webp",48,34,true]},"post_excerpt_stackable_v2":"<p>Macroscopic Quantum Phenomena and Functional Materials Division seminar Date: May 15, 2026Topic: Projektowanie i charakteryzacja nadprzewodz\u0105cych stop\u00f3w o wysokiej entropii.Speaker: mgr Wojciech Nowak, Wydzia\u0142 Fizyki i Astronomii, Uniwersytet Wroc\u0142awski Date: May 08, 2026Topic: J-PET &#8211; metody obrazowania, polaryzacja i spl\u0105tanie foton\u00f3w, \u0142amanie symetrii CPT.Speaker: dr hab. Ewa D\u0119bowska, prof. UWr, Wydzia\u0142 Fizyki i Astronomii, Uniwersytet Wroc\u0142awski Date: Mar 06, 2026Topic: Faza sigma w stopach o wysokiej entropii.Speaker: dr hab. Rafa\u0142 Idczak, prof. UWr, Wydzia\u0142 Fizyki i Astronomii, Uniwersytet Wroc\u0142awski Date: Nov 28, 2025Topic: \u015acie\u017cki zwi\u0119kszenia g\u0119sto\u015bci pr\u0105du krytycznego w stopach HEA na przyk\u0142adzie stopu Ti0.5(NbZrHfTa)0.5.Speaker: dr Piotr Sobota, Wydzia\u0142 Fizyki&hellip;<\/p>\n","category_list_v2":"Uncategorized","author_info_v2":{"name":"tomasz.ossowski@uwr.edu.pl","url":"https:\/\/ifd.uwr.edu.pl\/en\/author\/tomasz-ossowskiuwr-edu-pl\/"},"comments_num_v2":"0 comments","acf":[],"yoast_head":"<!-- This site is optimized with the Yoast SEO plugin v27.1.1 - https:\/\/yoast.com\/product\/yoast-seo-wordpress\/ -->\n<title>Nuclear and Dielectric Physics Division Seminar - Institute of Experimental Physics<\/title>\n<meta name=\"robots\" content=\"index, follow, max-snippet:-1, max-image-preview:large, max-video-preview:-1\" \/>\n<link rel=\"canonical\" href=\"https:\/\/ifd.uwr.edu.pl\/en\/strona-glowna2-2\/seminars\/nuclear-and-dielectric-physics-division-seminar\/\" \/>\n<meta property=\"og:locale\" content=\"en_US\" \/>\n<meta property=\"og:type\" content=\"article\" \/>\n<meta property=\"og:title\" content=\"Nuclear and Dielectric Physics Division Seminar - Institute of Experimental Physics\" \/>\n<meta property=\"og:description\" content=\"Macroscopic Quantum Phenomena and Functional Materials Division seminar Date: May 15, 2026Topic: Projektowanie i charakteryzacja nadprzewodz\u0105cych stop\u00f3w o wysokiej entropii.Speaker: mgr Wojciech Nowak, Wydzia\u0142 Fizyki i Astronomii, Uniwersytet Wroc\u0142awski Date: May 08, 2026Topic: J-PET &#8211; metody obrazowania, polaryzacja i spl\u0105tanie foton\u00f3w, \u0142amanie symetrii CPT.Speaker: dr hab. Ewa D\u0119bowska, prof. UWr, Wydzia\u0142 Fizyki i Astronomii, Uniwersytet [&hellip;]\" \/>\n<meta property=\"og:url\" content=\"https:\/\/ifd.uwr.edu.pl\/en\/strona-glowna2-2\/seminars\/nuclear-and-dielectric-physics-division-seminar\/\" \/>\n<meta property=\"og:site_name\" content=\"Institute of Experimental Physics\" \/>\n<meta property=\"article:modified_time\" content=\"2026-05-12T12:13:19+00:00\" \/>\n<meta property=\"og:image\" content=\"https:\/\/ifd.uwr.edu.pl\/wp-content\/uploads\/sites\/668\/2024\/12\/Kolyska-Newtona.webp\" \/>\n\t<meta property=\"og:image:width\" content=\"1024\" \/>\n\t<meta property=\"og:image:height\" content=\"718\" \/>\n\t<meta property=\"og:image:type\" content=\"image\/webp\" \/>\n<meta name=\"twitter:card\" content=\"summary_large_image\" \/>\n<meta name=\"twitter:label1\" content=\"Est. reading time\" \/>\n\t<meta name=\"twitter:data1\" content=\"2 minutes\" \/>\n<script type=\"application\/ld+json\" class=\"yoast-schema-graph\">{\"@context\":\"https:\/\/schema.org\",\"@graph\":[{\"@type\":\"WebPage\",\"@id\":\"https:\/\/ifd.uwr.edu.pl\/en\/strona-glowna2-2\/seminars\/nuclear-and-dielectric-physics-division-seminar\/\",\"url\":\"https:\/\/ifd.uwr.edu.pl\/en\/strona-glowna2-2\/seminars\/nuclear-and-dielectric-physics-division-seminar\/\",\"name\":\"Nuclear and Dielectric Physics Division Seminar - Institute of Experimental Physics\",\"isPartOf\":{\"@id\":\"https:\/\/ifd.uwr.edu.pl\/#website\"},\"primaryImageOfPage\":{\"@id\":\"https:\/\/ifd.uwr.edu.pl\/en\/strona-glowna2-2\/seminars\/nuclear-and-dielectric-physics-division-seminar\/#primaryimage\"},\"image\":{\"@id\":\"https:\/\/ifd.uwr.edu.pl\/en\/strona-glowna2-2\/seminars\/nuclear-and-dielectric-physics-division-seminar\/#primaryimage\"},\"thumbnailUrl\":\"https:\/\/ifd.uwr.edu.pl\/wp-content\/uploads\/sites\/668\/2024\/12\/Kolyska-Newtona.webp\",\"datePublished\":\"2025-03-17T11:30:38+00:00\",\"dateModified\":\"2026-05-12T12:13:19+00:00\",\"breadcrumb\":{\"@id\":\"https:\/\/ifd.uwr.edu.pl\/en\/strona-glowna2-2\/seminars\/nuclear-and-dielectric-physics-division-seminar\/#breadcrumb\"},\"inLanguage\":\"en-US\",\"potentialAction\":[{\"@type\":\"ReadAction\",\"target\":[\"https:\/\/ifd.uwr.edu.pl\/en\/strona-glowna2-2\/seminars\/nuclear-and-dielectric-physics-division-seminar\/\"]}]},{\"@type\":\"ImageObject\",\"inLanguage\":\"en-US\",\"@id\":\"https:\/\/ifd.uwr.edu.pl\/en\/strona-glowna2-2\/seminars\/nuclear-and-dielectric-physics-division-seminar\/#primaryimage\",\"url\":\"https:\/\/ifd.uwr.edu.pl\/wp-content\/uploads\/sites\/668\/2024\/12\/Kolyska-Newtona.webp\",\"contentUrl\":\"https:\/\/ifd.uwr.edu.pl\/wp-content\/uploads\/sites\/668\/2024\/12\/Kolyska-Newtona.webp\",\"width\":1024,\"height\":718,\"caption\":\"ko\u0142yska Newtona\"},{\"@type\":\"BreadcrumbList\",\"@id\":\"https:\/\/ifd.uwr.edu.pl\/en\/strona-glowna2-2\/seminars\/nuclear-and-dielectric-physics-division-seminar\/#breadcrumb\",\"itemListElement\":[{\"@type\":\"ListItem\",\"position\":1,\"name\":\"Strona g\u0142\u00f3wna\",\"item\":\"https:\/\/ifd.uwr.edu.pl\/en\/\"},{\"@type\":\"ListItem\",\"position\":2,\"name\":\"Homepage\",\"item\":\"https:\/\/ifd.uwr.edu.pl\/en\/\"},{\"@type\":\"ListItem\",\"position\":3,\"name\":\"Seminars\",\"item\":\"https:\/\/ifd.uwr.edu.pl\/en\/strona-glowna2-2\/seminars\/\"},{\"@type\":\"ListItem\",\"position\":4,\"name\":\"Nuclear and Dielectric Physics Division Seminar\"}]},{\"@type\":\"WebSite\",\"@id\":\"https:\/\/ifd.uwr.edu.pl\/#website\",\"url\":\"https:\/\/ifd.uwr.edu.pl\/\",\"name\":\"Institute of Experimental Physics\",\"description\":\"Kolejna witryna sieci \u201eUWR Witryny\u201d\",\"publisher\":{\"@id\":\"https:\/\/ifd.uwr.edu.pl\/#organization\"},\"potentialAction\":[{\"@type\":\"SearchAction\",\"target\":{\"@type\":\"EntryPoint\",\"urlTemplate\":\"https:\/\/ifd.uwr.edu.pl\/?s={search_term_string}\"},\"query-input\":{\"@type\":\"PropertyValueSpecification\",\"valueRequired\":true,\"valueName\":\"search_term_string\"}}],\"inLanguage\":\"en-US\"},{\"@type\":\"Organization\",\"@id\":\"https:\/\/ifd.uwr.edu.pl\/#organization\",\"name\":\"Institute of Experimental Physics\",\"url\":\"https:\/\/ifd.uwr.edu.pl\/\",\"logo\":{\"@type\":\"ImageObject\",\"inLanguage\":\"en-US\",\"@id\":\"https:\/\/ifd.uwr.edu.pl\/#\/schema\/logo\/image\/\",\"url\":\"https:\/\/ifd.uwr.edu.pl\/wp-content\/uploads\/sites\/668\/2025\/10\/UWr-logotyp-2025.png\",\"contentUrl\":\"https:\/\/ifd.uwr.edu.pl\/wp-content\/uploads\/sites\/668\/2025\/10\/UWr-logotyp-2025.png\",\"width\":764,\"height\":269,\"caption\":\"Institute of Experimental Physics\"},\"image\":{\"@id\":\"https:\/\/ifd.uwr.edu.pl\/#\/schema\/logo\/image\/\"}}]}<\/script>\n<!-- \/ Yoast SEO plugin. -->","yoast_head_json":{"title":"Nuclear and Dielectric Physics Division Seminar - Institute of Experimental Physics","robots":{"index":"index","follow":"follow","max-snippet":"max-snippet:-1","max-image-preview":"max-image-preview:large","max-video-preview":"max-video-preview:-1"},"canonical":"https:\/\/ifd.uwr.edu.pl\/en\/strona-glowna2-2\/seminars\/nuclear-and-dielectric-physics-division-seminar\/","og_locale":"en_US","og_type":"article","og_title":"Nuclear and Dielectric Physics Division Seminar - Institute of Experimental Physics","og_description":"Macroscopic Quantum Phenomena and Functional Materials Division seminar Date: May 15, 2026Topic: Projektowanie i charakteryzacja nadprzewodz\u0105cych stop\u00f3w o wysokiej entropii.Speaker: mgr Wojciech Nowak, Wydzia\u0142 Fizyki i Astronomii, Uniwersytet Wroc\u0142awski Date: May 08, 2026Topic: J-PET &#8211; metody obrazowania, polaryzacja i spl\u0105tanie foton\u00f3w, \u0142amanie symetrii CPT.Speaker: dr hab. Ewa D\u0119bowska, prof. UWr, Wydzia\u0142 Fizyki i Astronomii, Uniwersytet [&hellip;]","og_url":"https:\/\/ifd.uwr.edu.pl\/en\/strona-glowna2-2\/seminars\/nuclear-and-dielectric-physics-division-seminar\/","og_site_name":"Institute of Experimental Physics","article_modified_time":"2026-05-12T12:13:19+00:00","og_image":[{"width":1024,"height":718,"url":"https:\/\/ifd.uwr.edu.pl\/wp-content\/uploads\/sites\/668\/2024\/12\/Kolyska-Newtona.webp","type":"image\/webp"}],"twitter_card":"summary_large_image","twitter_misc":{"Est. reading time":"2 minutes"},"schema":{"@context":"https:\/\/schema.org","@graph":[{"@type":"WebPage","@id":"https:\/\/ifd.uwr.edu.pl\/en\/strona-glowna2-2\/seminars\/nuclear-and-dielectric-physics-division-seminar\/","url":"https:\/\/ifd.uwr.edu.pl\/en\/strona-glowna2-2\/seminars\/nuclear-and-dielectric-physics-division-seminar\/","name":"Nuclear and Dielectric Physics Division Seminar - Institute of Experimental Physics","isPartOf":{"@id":"https:\/\/ifd.uwr.edu.pl\/#website"},"primaryImageOfPage":{"@id":"https:\/\/ifd.uwr.edu.pl\/en\/strona-glowna2-2\/seminars\/nuclear-and-dielectric-physics-division-seminar\/#primaryimage"},"image":{"@id":"https:\/\/ifd.uwr.edu.pl\/en\/strona-glowna2-2\/seminars\/nuclear-and-dielectric-physics-division-seminar\/#primaryimage"},"thumbnailUrl":"https:\/\/ifd.uwr.edu.pl\/wp-content\/uploads\/sites\/668\/2024\/12\/Kolyska-Newtona.webp","datePublished":"2025-03-17T11:30:38+00:00","dateModified":"2026-05-12T12:13:19+00:00","breadcrumb":{"@id":"https:\/\/ifd.uwr.edu.pl\/en\/strona-glowna2-2\/seminars\/nuclear-and-dielectric-physics-division-seminar\/#breadcrumb"},"inLanguage":"en-US","potentialAction":[{"@type":"ReadAction","target":["https:\/\/ifd.uwr.edu.pl\/en\/strona-glowna2-2\/seminars\/nuclear-and-dielectric-physics-division-seminar\/"]}]},{"@type":"ImageObject","inLanguage":"en-US","@id":"https:\/\/ifd.uwr.edu.pl\/en\/strona-glowna2-2\/seminars\/nuclear-and-dielectric-physics-division-seminar\/#primaryimage","url":"https:\/\/ifd.uwr.edu.pl\/wp-content\/uploads\/sites\/668\/2024\/12\/Kolyska-Newtona.webp","contentUrl":"https:\/\/ifd.uwr.edu.pl\/wp-content\/uploads\/sites\/668\/2024\/12\/Kolyska-Newtona.webp","width":1024,"height":718,"caption":"ko\u0142yska Newtona"},{"@type":"BreadcrumbList","@id":"https:\/\/ifd.uwr.edu.pl\/en\/strona-glowna2-2\/seminars\/nuclear-and-dielectric-physics-division-seminar\/#breadcrumb","itemListElement":[{"@type":"ListItem","position":1,"name":"Strona g\u0142\u00f3wna","item":"https:\/\/ifd.uwr.edu.pl\/en\/"},{"@type":"ListItem","position":2,"name":"Homepage","item":"https:\/\/ifd.uwr.edu.pl\/en\/"},{"@type":"ListItem","position":3,"name":"Seminars","item":"https:\/\/ifd.uwr.edu.pl\/en\/strona-glowna2-2\/seminars\/"},{"@type":"ListItem","position":4,"name":"Nuclear and Dielectric Physics Division Seminar"}]},{"@type":"WebSite","@id":"https:\/\/ifd.uwr.edu.pl\/#website","url":"https:\/\/ifd.uwr.edu.pl\/","name":"Institute of Experimental Physics","description":"Kolejna witryna sieci \u201eUWR Witryny\u201d","publisher":{"@id":"https:\/\/ifd.uwr.edu.pl\/#organization"},"potentialAction":[{"@type":"SearchAction","target":{"@type":"EntryPoint","urlTemplate":"https:\/\/ifd.uwr.edu.pl\/?s={search_term_string}"},"query-input":{"@type":"PropertyValueSpecification","valueRequired":true,"valueName":"search_term_string"}}],"inLanguage":"en-US"},{"@type":"Organization","@id":"https:\/\/ifd.uwr.edu.pl\/#organization","name":"Institute of Experimental Physics","url":"https:\/\/ifd.uwr.edu.pl\/","logo":{"@type":"ImageObject","inLanguage":"en-US","@id":"https:\/\/ifd.uwr.edu.pl\/#\/schema\/logo\/image\/","url":"https:\/\/ifd.uwr.edu.pl\/wp-content\/uploads\/sites\/668\/2025\/10\/UWr-logotyp-2025.png","contentUrl":"https:\/\/ifd.uwr.edu.pl\/wp-content\/uploads\/sites\/668\/2025\/10\/UWr-logotyp-2025.png","width":764,"height":269,"caption":"Institute of Experimental Physics"},"image":{"@id":"https:\/\/ifd.uwr.edu.pl\/#\/schema\/logo\/image\/"}}]}},"publishpress_future_action":{"enabled":false,"date":"2026-05-23 10:35:51","action":"change-status","newStatus":"draft","terms":[],"taxonomy":"category","extraData":[]},"publishpress_future_workflow_manual_trigger":{"enabledWorkflows":[]},"_links":{"self":[{"href":"https:\/\/ifd.uwr.edu.pl\/en\/wp-json\/wp\/v2\/pages\/25909\/"}],"collection":[{"href":"https:\/\/ifd.uwr.edu.pl\/en\/wp-json\/wp\/v2\/pages\/"}],"about":[{"href":"https:\/\/ifd.uwr.edu.pl\/en\/wp-json\/wp\/v2\/types\/page\/"}],"author":[{"embeddable":true,"href":"https:\/\/ifd.uwr.edu.pl\/en\/wp-json\/wp\/v2\/users\/6984\/"}],"replies":[{"embeddable":true,"href":"https:\/\/ifd.uwr.edu.pl\/en\/wp-json\/wp\/v2\/comments\/?post=25909"}],"version-history":[{"count":7,"href":"https:\/\/ifd.uwr.edu.pl\/en\/wp-json\/wp\/v2\/pages\/25909\/revisions\/"}],"predecessor-version":[{"id":27772,"href":"https:\/\/ifd.uwr.edu.pl\/en\/wp-json\/wp\/v2\/pages\/25909\/revisions\/27772\/"}],"up":[{"embeddable":true,"href":"https:\/\/ifd.uwr.edu.pl\/en\/wp-json\/wp\/v2\/pages\/25885\/"}],"wp:featuredmedia":[{"embeddable":true,"href":"https:\/\/ifd.uwr.edu.pl\/en\/wp-json\/wp\/v2\/media\/24740\/"}],"wp:attachment":[{"href":"https:\/\/ifd.uwr.edu.pl\/en\/wp-json\/wp\/v2\/media\/?parent=25909"}],"wp:term":[{"taxonomy":"category","embeddable":true,"href":"https:\/\/ifd.uwr.edu.pl\/en\/wp-json\/wp\/v2\/categories\/?post=25909"},{"taxonomy":"post_tag","embeddable":true,"href":"https:\/\/ifd.uwr.edu.pl\/en\/wp-json\/wp\/v2\/tags\/?post=25909"}],"curies":[{"name":"wp","href":"https:\/\/api.w.org\/{rel}","templated":true}]}}