{"id":25915,"date":"2025-03-17T12:31:47","date_gmt":"2025-03-17T11:31:47","guid":{"rendered":"https:\/\/ifd.uwr.edu.pl\/?page_id=25915"},"modified":"2025-05-13T15:33:03","modified_gmt":"2025-05-13T13:33:03","slug":"collaboration","status":"publish","type":"page","link":"https:\/\/ifd.uwr.edu.pl\/en\/strona-glowna2-2\/collaboration\/","title":{"rendered":"Collaboration"},"content":{"rendered":"\n<div class=\"wp-block-media-text is-stacked-on-mobile\" style=\"grid-template-columns:42% auto\"><figure class=\"wp-block-media-text__media\"><img loading=\"lazy\" decoding=\"async\" width=\"1024\" height=\"576\" src=\"https:\/\/ifd.uwr.edu.pl\/wp-content\/uploads\/sites\/668\/2024\/05\/roadmap-1024x576.png\" alt=\"mapa\" class=\"wp-image-24010 size-full\" srcset=\"https:\/\/ifd.uwr.edu.pl\/wp-content\/uploads\/sites\/668\/2024\/05\/roadmap-1024x576.png 1024w, https:\/\/ifd.uwr.edu.pl\/wp-content\/uploads\/sites\/668\/2024\/05\/roadmap-300x169.png 300w, https:\/\/ifd.uwr.edu.pl\/wp-content\/uploads\/sites\/668\/2024\/05\/roadmap-768x432.png 768w, https:\/\/ifd.uwr.edu.pl\/wp-content\/uploads\/sites\/668\/2024\/05\/roadmap-1536x864.png 1536w, https:\/\/ifd.uwr.edu.pl\/wp-content\/uploads\/sites\/668\/2024\/05\/roadmap-1320x743.png 1320w, https:\/\/ifd.uwr.edu.pl\/wp-content\/uploads\/sites\/668\/2024\/05\/roadmap-24x14.png 24w, https:\/\/ifd.uwr.edu.pl\/wp-content\/uploads\/sites\/668\/2024\/05\/roadmap-36x20.png 36w, https:\/\/ifd.uwr.edu.pl\/wp-content\/uploads\/sites\/668\/2024\/05\/roadmap-48x27.png 48w, https:\/\/ifd.uwr.edu.pl\/wp-content\/uploads\/sites\/668\/2024\/05\/roadmap.png 1920w\" sizes=\"auto, (max-width: 1024px) 100vw, 1024px\" \/><\/figure><div class=\"wp-block-media-text__content\">\n<div class=\"wp-block-bonasoft-modular-breadcrumbs-block\"><div class=\"bs_add_breadcrumb_trail\"><\/div><\/div>\n\n\n\n<hr class=\"wp-block-separator has-alpha-channel-opacity is-style-wide\"\/>\n\n\n\n<h2 class=\"wp-block-heading\"><strong>We collaborate with many centres in Poland and the world.<\/strong><\/h2>\n\n\n\n<h2 class=\"wp-block-heading\"><strong>Obtained research results and their interpretation are published as co-authorships in scientific publications with international reach.<\/strong><\/h2>\n<\/div><\/div>\n\n\n\n<p><\/p>\n\n\n\n<h2 class=\"wp-block-heading has-text-align-left\">The centres we collaborate with:<\/h2>\n\n\n\n<ul class=\"wp-block-list\">\n<li>University of Warsaw<\/li>\n\n\n\n<li>University of Silesia<\/li>\n\n\n\n<li>Adam Mickiewicz University in Pozna\u0144<\/li>\n\n\n\n<li>Wroc\u0142aw University of Science and Technology<\/li>\n\n\n\n<li>Warsaw University of Technology<\/li>\n\n\n\n<li>Pozna\u0144 University of Technology<\/li>\n\n\n\n<li>Budapest University of Technology and Economics<\/li>\n\n\n\n<li>Clausius Institute of Physical and Theoretical Chemistry<\/li>\n\n\n\n<li>KTH Royal Institute of Technology<\/li>\n\n\n\n<li>University of Padova<\/li>\n\n\n\n<li>Institute of Low Temperature and Structure Research PAS in Wroc\u0142aw<\/li>\n\n\n\n<li>Jan D\u0142ugosz University in Cz\u0119stochowa<\/li>\n\n\n\n<li>Charles University<\/li>\n\n\n\n<li>Brno University of Technology<\/li>\n\n\n\n<li>Wigner Research Centre for Physics<\/li>\n\n\n\n<li>Budapest University of Technology and Economics<\/li>\n\n\n\n<li>Arizona State University<\/li>\n\n\n\n<li>Centrum NanoBioMedyczne przy Uniwersytecie Adama Mickiewicza w Poznaniu<\/li>\n\n\n\n<li>Ruhr University Bochum<\/li>\n\n\n\n<li>Johannes Kepler University<\/li>\n\n\n\n<li>Jerzy Haber Institute of Catalysis and Surface Chemistry PAS in Cracow<\/li>\n\n\n\n<li>Graz University of Technology<\/li>\n\n\n\n<li>National Tsing Hua University<\/li>\n\n\n\n<li>Universit\u00e9 de Rennes<\/li>\n\n\n\n<li>University of Bonn<\/li>\n\n\n\n<li>Forschungszentrum Juelich GmbH<\/li>\n<\/ul>\n\n\n\n<p><\/p>\n\n\n\n<p><\/p>\n","protected":false},"excerpt":{"rendered":"<p>The centres we collaborate with:<\/p>\n","protected":false},"author":6984,"featured_media":25369,"parent":24095,"menu_order":0,"comment_status":"closed","ping_status":"closed","template":"","meta":{"_acf_changed":false,"inline_featured_image":false,"site-sidebar-layout":"default","site-content-layout":"","ast-site-content-layout":"default","site-content-style":"default","site-sidebar-style":"default","ast-global-header-display":"","ast-banner-title-visibility":"","ast-main-header-display":"","ast-hfb-above-header-display":"","ast-hfb-below-header-display":"","ast-hfb-mobile-header-display":"","site-post-title":"","ast-breadcrumbs-content":"","ast-featured-img":"","footer-sml-layout":"","ast-disable-related-posts":"","theme-transparent-header-meta":"","adv-header-id-meta":"","stick-header-meta":"","header-above-stick-meta":"","header-main-stick-meta":"","header-below-stick-meta":"","astra-migrate-meta-layouts":"set","ast-page-background-enabled":"default","ast-page-background-meta":{"desktop":{"background-color":"","background-image":"","background-repeat":"repeat","background-position":"center center","background-size":"auto","background-attachment":"scroll","background-type":"","background-media":"","overlay-type":"","overlay-color":"","overlay-opacity":"","overlay-gradient":""},"tablet":{"background-color":"","background-image":"","background-repeat":"repeat","background-position":"center center","background-size":"auto","background-attachment":"scroll","background-type":"","background-media":"","overlay-type":"","overlay-color":"","overlay-opacity":"","overlay-gradient":""},"mobile":{"background-color":"","background-image":"","background-repeat":"repeat","background-position":"center center","background-size":"auto","background-attachment":"scroll","background-type":"","background-media":"","overlay-type":"","overlay-color":"","overlay-opacity":"","overlay-gradient":""}},"ast-content-background-meta":{"desktop":{"background-color":"var(--ast-global-color-5)","background-image":"","background-repeat":"repeat","background-position":"center center","background-size":"auto","background-attachment":"scroll","background-type":"","background-media":"","overlay-type":"","overlay-color":"","overlay-opacity":"","overlay-gradient":""},"tablet":{"background-color":"var(--ast-global-color-5)","background-image":"","background-repeat":"repeat","background-position":"center center","background-size":"auto","background-attachment":"scroll","background-type":"","background-media":"","overlay-type":"","overlay-color":"","overlay-opacity":"","overlay-gradient":""},"mobile":{"background-color":"var(--ast-global-color-5)","background-image":"","background-repeat":"repeat","background-position":"center center","background-size":"auto","background-attachment":"scroll","background-type":"","background-media":"","overlay-type":"","overlay-color":"","overlay-opacity":"","overlay-gradient":""}},"footnotes":""},"categories":[],"tags":[],"class_list":["post-25915","page","type-page","status-publish","has-post-thumbnail","hentry"],"featured_image_urls_v2":{"full":["https:\/\/ifd.uwr.edu.pl\/wp-content\/uploads\/sites\/668\/2025\/01\/roadmap-1024x576-1.png",1024,576,false],"thumbnail":["https:\/\/ifd.uwr.edu.pl\/wp-content\/uploads\/sites\/668\/2025\/01\/roadmap-1024x576-1-150x150.png",150,150,true],"medium":["https:\/\/ifd.uwr.edu.pl\/wp-content\/uploads\/sites\/668\/2025\/01\/roadmap-1024x576-1-300x169.png",300,169,true],"medium_large":["https:\/\/ifd.uwr.edu.pl\/wp-content\/uploads\/sites\/668\/2025\/01\/roadmap-1024x576-1-768x432.png",768,432,true],"large":["https:\/\/ifd.uwr.edu.pl\/wp-content\/uploads\/sites\/668\/2025\/01\/roadmap-1024x576-1.png",1024,576,false],"1536x1536":["https:\/\/ifd.uwr.edu.pl\/wp-content\/uploads\/sites\/668\/2025\/01\/roadmap-1024x576-1.png",1024,576,false],"2048x2048":["https:\/\/ifd.uwr.edu.pl\/wp-content\/uploads\/sites\/668\/2025\/01\/roadmap-1024x576-1.png",1024,576,false],"menu-24x24":["https:\/\/ifd.uwr.edu.pl\/wp-content\/uploads\/sites\/668\/2025\/01\/roadmap-1024x576-1-24x14.png",24,14,true],"menu-36x36":["https:\/\/ifd.uwr.edu.pl\/wp-content\/uploads\/sites\/668\/2025\/01\/roadmap-1024x576-1-36x20.png",36,20,true],"menu-48x48":["https:\/\/ifd.uwr.edu.pl\/wp-content\/uploads\/sites\/668\/2025\/01\/roadmap-1024x576-1-48x27.png",48,27,true]},"post_excerpt_stackable_v2":"<p>We collaborate with many centres in Poland and the world. Obtained research results and their interpretation are published as co-authorships in scientific publications with international reach. The centres we collaborate with: University of Warsaw University of Silesia Adam Mickiewicz University in Pozna\u0144 Wroc\u0142aw University of Science and Technology Warsaw University of Technology Pozna\u0144 University of Technology Budapest University of Technology and Economics Clausius Institute of Physical and Theoretical Chemistry KTH Royal Institute of Technology University of Padova Institute of Low Temperature and Structure Research PAS in Wroc\u0142aw Jan D\u0142ugosz University in Cz\u0119stochowa Charles University Brno University of Technology Wigner Research&hellip;<\/p>\n","category_list_v2":"Uncategorized","author_info_v2":{"name":"tomasz.ossowski@uwr.edu.pl","url":"https:\/\/ifd.uwr.edu.pl\/en\/author\/tomasz-ossowskiuwr-edu-pl\/"},"comments_num_v2":"0 comments","acf":[],"yoast_head":"<!-- This site is optimized with the Yoast SEO plugin v27.1.1 - https:\/\/yoast.com\/product\/yoast-seo-wordpress\/ -->\n<title>Collaboration - Institute of Experimental Physics<\/title>\n<meta name=\"robots\" content=\"index, follow, max-snippet:-1, max-image-preview:large, max-video-preview:-1\" \/>\n<link rel=\"canonical\" href=\"https:\/\/ifd.uwr.edu.pl\/en\/strona-glowna2-2\/collaboration\/\" \/>\n<meta property=\"og:locale\" content=\"en_US\" \/>\n<meta property=\"og:type\" content=\"article\" \/>\n<meta property=\"og:title\" content=\"Collaboration - Institute of Experimental Physics\" \/>\n<meta property=\"og:description\" content=\"The centres we collaborate with:\" \/>\n<meta property=\"og:url\" content=\"https:\/\/ifd.uwr.edu.pl\/en\/strona-glowna2-2\/collaboration\/\" \/>\n<meta property=\"og:site_name\" content=\"Institute of Experimental Physics\" \/>\n<meta property=\"article:modified_time\" content=\"2025-05-13T13:33:03+00:00\" \/>\n<meta property=\"og:image\" content=\"https:\/\/ifd.uwr.edu.pl\/wp-content\/uploads\/sites\/668\/2025\/01\/roadmap-1024x576-1.png\" \/>\n\t<meta property=\"og:image:width\" content=\"1024\" \/>\n\t<meta property=\"og:image:height\" content=\"576\" \/>\n\t<meta property=\"og:image:type\" content=\"image\/png\" \/>\n<meta name=\"twitter:card\" content=\"summary_large_image\" \/>\n<meta name=\"twitter:label1\" content=\"Est. reading time\" \/>\n\t<meta name=\"twitter:data1\" content=\"2 minutes\" \/>\n<script type=\"application\/ld+json\" class=\"yoast-schema-graph\">{\"@context\":\"https:\/\/schema.org\",\"@graph\":[{\"@type\":\"WebPage\",\"@id\":\"https:\/\/ifd.uwr.edu.pl\/en\/strona-glowna2-2\/collaboration\/\",\"url\":\"https:\/\/ifd.uwr.edu.pl\/en\/strona-glowna2-2\/collaboration\/\",\"name\":\"Collaboration - Institute of Experimental Physics\",\"isPartOf\":{\"@id\":\"https:\/\/ifd.uwr.edu.pl\/#website\"},\"primaryImageOfPage\":{\"@id\":\"https:\/\/ifd.uwr.edu.pl\/en\/strona-glowna2-2\/collaboration\/#primaryimage\"},\"image\":{\"@id\":\"https:\/\/ifd.uwr.edu.pl\/en\/strona-glowna2-2\/collaboration\/#primaryimage\"},\"thumbnailUrl\":\"https:\/\/ifd.uwr.edu.pl\/wp-content\/uploads\/sites\/668\/2025\/01\/roadmap-1024x576-1.png\",\"datePublished\":\"2025-03-17T11:31:47+00:00\",\"dateModified\":\"2025-05-13T13:33:03+00:00\",\"breadcrumb\":{\"@id\":\"https:\/\/ifd.uwr.edu.pl\/en\/strona-glowna2-2\/collaboration\/#breadcrumb\"},\"inLanguage\":\"en-US\",\"potentialAction\":[{\"@type\":\"ReadAction\",\"target\":[\"https:\/\/ifd.uwr.edu.pl\/en\/strona-glowna2-2\/collaboration\/\"]}]},{\"@type\":\"ImageObject\",\"inLanguage\":\"en-US\",\"@id\":\"https:\/\/ifd.uwr.edu.pl\/en\/strona-glowna2-2\/collaboration\/#primaryimage\",\"url\":\"https:\/\/ifd.uwr.edu.pl\/wp-content\/uploads\/sites\/668\/2025\/01\/roadmap-1024x576-1.png\",\"contentUrl\":\"https:\/\/ifd.uwr.edu.pl\/wp-content\/uploads\/sites\/668\/2025\/01\/roadmap-1024x576-1.png\",\"width\":1024,\"height\":576},{\"@type\":\"BreadcrumbList\",\"@id\":\"https:\/\/ifd.uwr.edu.pl\/en\/strona-glowna2-2\/collaboration\/#breadcrumb\",\"itemListElement\":[{\"@type\":\"ListItem\",\"position\":1,\"name\":\"Strona g\u0142\u00f3wna\",\"item\":\"https:\/\/ifd.uwr.edu.pl\/en\/\"},{\"@type\":\"ListItem\",\"position\":2,\"name\":\"Homepage\",\"item\":\"https:\/\/ifd.uwr.edu.pl\/en\/\"},{\"@type\":\"ListItem\",\"position\":3,\"name\":\"Collaboration\"}]},{\"@type\":\"WebSite\",\"@id\":\"https:\/\/ifd.uwr.edu.pl\/#website\",\"url\":\"https:\/\/ifd.uwr.edu.pl\/\",\"name\":\"Institute of Experimental Physics\",\"description\":\"Kolejna witryna sieci \u201eUWR Witryny\u201d\",\"publisher\":{\"@id\":\"https:\/\/ifd.uwr.edu.pl\/#organization\"},\"potentialAction\":[{\"@type\":\"SearchAction\",\"target\":{\"@type\":\"EntryPoint\",\"urlTemplate\":\"https:\/\/ifd.uwr.edu.pl\/?s={search_term_string}\"},\"query-input\":{\"@type\":\"PropertyValueSpecification\",\"valueRequired\":true,\"valueName\":\"search_term_string\"}}],\"inLanguage\":\"en-US\"},{\"@type\":\"Organization\",\"@id\":\"https:\/\/ifd.uwr.edu.pl\/#organization\",\"name\":\"Institute of Experimental Physics\",\"url\":\"https:\/\/ifd.uwr.edu.pl\/\",\"logo\":{\"@type\":\"ImageObject\",\"inLanguage\":\"en-US\",\"@id\":\"https:\/\/ifd.uwr.edu.pl\/#\/schema\/logo\/image\/\",\"url\":\"https:\/\/ifd.uwr.edu.pl\/wp-content\/uploads\/sites\/668\/2025\/10\/UWr-logotyp-2025.png\",\"contentUrl\":\"https:\/\/ifd.uwr.edu.pl\/wp-content\/uploads\/sites\/668\/2025\/10\/UWr-logotyp-2025.png\",\"width\":764,\"height\":269,\"caption\":\"Institute of Experimental Physics\"},\"image\":{\"@id\":\"https:\/\/ifd.uwr.edu.pl\/#\/schema\/logo\/image\/\"}}]}<\/script>\n<!-- \/ Yoast SEO plugin. -->","yoast_head_json":{"title":"Collaboration - Institute of Experimental Physics","robots":{"index":"index","follow":"follow","max-snippet":"max-snippet:-1","max-image-preview":"max-image-preview:large","max-video-preview":"max-video-preview:-1"},"canonical":"https:\/\/ifd.uwr.edu.pl\/en\/strona-glowna2-2\/collaboration\/","og_locale":"en_US","og_type":"article","og_title":"Collaboration - Institute of Experimental Physics","og_description":"The centres we collaborate with:","og_url":"https:\/\/ifd.uwr.edu.pl\/en\/strona-glowna2-2\/collaboration\/","og_site_name":"Institute of Experimental Physics","article_modified_time":"2025-05-13T13:33:03+00:00","og_image":[{"width":1024,"height":576,"url":"https:\/\/ifd.uwr.edu.pl\/wp-content\/uploads\/sites\/668\/2025\/01\/roadmap-1024x576-1.png","type":"image\/png"}],"twitter_card":"summary_large_image","twitter_misc":{"Est. reading time":"2 minutes"},"schema":{"@context":"https:\/\/schema.org","@graph":[{"@type":"WebPage","@id":"https:\/\/ifd.uwr.edu.pl\/en\/strona-glowna2-2\/collaboration\/","url":"https:\/\/ifd.uwr.edu.pl\/en\/strona-glowna2-2\/collaboration\/","name":"Collaboration - Institute of Experimental Physics","isPartOf":{"@id":"https:\/\/ifd.uwr.edu.pl\/#website"},"primaryImageOfPage":{"@id":"https:\/\/ifd.uwr.edu.pl\/en\/strona-glowna2-2\/collaboration\/#primaryimage"},"image":{"@id":"https:\/\/ifd.uwr.edu.pl\/en\/strona-glowna2-2\/collaboration\/#primaryimage"},"thumbnailUrl":"https:\/\/ifd.uwr.edu.pl\/wp-content\/uploads\/sites\/668\/2025\/01\/roadmap-1024x576-1.png","datePublished":"2025-03-17T11:31:47+00:00","dateModified":"2025-05-13T13:33:03+00:00","breadcrumb":{"@id":"https:\/\/ifd.uwr.edu.pl\/en\/strona-glowna2-2\/collaboration\/#breadcrumb"},"inLanguage":"en-US","potentialAction":[{"@type":"ReadAction","target":["https:\/\/ifd.uwr.edu.pl\/en\/strona-glowna2-2\/collaboration\/"]}]},{"@type":"ImageObject","inLanguage":"en-US","@id":"https:\/\/ifd.uwr.edu.pl\/en\/strona-glowna2-2\/collaboration\/#primaryimage","url":"https:\/\/ifd.uwr.edu.pl\/wp-content\/uploads\/sites\/668\/2025\/01\/roadmap-1024x576-1.png","contentUrl":"https:\/\/ifd.uwr.edu.pl\/wp-content\/uploads\/sites\/668\/2025\/01\/roadmap-1024x576-1.png","width":1024,"height":576},{"@type":"BreadcrumbList","@id":"https:\/\/ifd.uwr.edu.pl\/en\/strona-glowna2-2\/collaboration\/#breadcrumb","itemListElement":[{"@type":"ListItem","position":1,"name":"Strona g\u0142\u00f3wna","item":"https:\/\/ifd.uwr.edu.pl\/en\/"},{"@type":"ListItem","position":2,"name":"Homepage","item":"https:\/\/ifd.uwr.edu.pl\/en\/"},{"@type":"ListItem","position":3,"name":"Collaboration"}]},{"@type":"WebSite","@id":"https:\/\/ifd.uwr.edu.pl\/#website","url":"https:\/\/ifd.uwr.edu.pl\/","name":"Institute of Experimental Physics","description":"Kolejna witryna sieci \u201eUWR Witryny\u201d","publisher":{"@id":"https:\/\/ifd.uwr.edu.pl\/#organization"},"potentialAction":[{"@type":"SearchAction","target":{"@type":"EntryPoint","urlTemplate":"https:\/\/ifd.uwr.edu.pl\/?s={search_term_string}"},"query-input":{"@type":"PropertyValueSpecification","valueRequired":true,"valueName":"search_term_string"}}],"inLanguage":"en-US"},{"@type":"Organization","@id":"https:\/\/ifd.uwr.edu.pl\/#organization","name":"Institute of Experimental Physics","url":"https:\/\/ifd.uwr.edu.pl\/","logo":{"@type":"ImageObject","inLanguage":"en-US","@id":"https:\/\/ifd.uwr.edu.pl\/#\/schema\/logo\/image\/","url":"https:\/\/ifd.uwr.edu.pl\/wp-content\/uploads\/sites\/668\/2025\/10\/UWr-logotyp-2025.png","contentUrl":"https:\/\/ifd.uwr.edu.pl\/wp-content\/uploads\/sites\/668\/2025\/10\/UWr-logotyp-2025.png","width":764,"height":269,"caption":"Institute of Experimental Physics"},"image":{"@id":"https:\/\/ifd.uwr.edu.pl\/#\/schema\/logo\/image\/"}}]}},"publishpress_future_action":{"enabled":false,"date":"2026-05-23 10:36:57","action":"change-status","newStatus":"draft","terms":[],"taxonomy":"category","extraData":[]},"publishpress_future_workflow_manual_trigger":{"enabledWorkflows":[]},"_links":{"self":[{"href":"https:\/\/ifd.uwr.edu.pl\/en\/wp-json\/wp\/v2\/pages\/25915\/"}],"collection":[{"href":"https:\/\/ifd.uwr.edu.pl\/en\/wp-json\/wp\/v2\/pages\/"}],"about":[{"href":"https:\/\/ifd.uwr.edu.pl\/en\/wp-json\/wp\/v2\/types\/page\/"}],"author":[{"embeddable":true,"href":"https:\/\/ifd.uwr.edu.pl\/en\/wp-json\/wp\/v2\/users\/6984\/"}],"replies":[{"embeddable":true,"href":"https:\/\/ifd.uwr.edu.pl\/en\/wp-json\/wp\/v2\/comments\/?post=25915"}],"version-history":[{"count":4,"href":"https:\/\/ifd.uwr.edu.pl\/en\/wp-json\/wp\/v2\/pages\/25915\/revisions\/"}],"predecessor-version":[{"id":26803,"href":"https:\/\/ifd.uwr.edu.pl\/en\/wp-json\/wp\/v2\/pages\/25915\/revisions\/26803\/"}],"up":[{"embeddable":true,"href":"https:\/\/ifd.uwr.edu.pl\/en\/wp-json\/wp\/v2\/pages\/24095\/"}],"wp:featuredmedia":[{"embeddable":true,"href":"https:\/\/ifd.uwr.edu.pl\/en\/wp-json\/wp\/v2\/media\/25369\/"}],"wp:attachment":[{"href":"https:\/\/ifd.uwr.edu.pl\/en\/wp-json\/wp\/v2\/media\/?parent=25915"}],"wp:term":[{"taxonomy":"category","embeddable":true,"href":"https:\/\/ifd.uwr.edu.pl\/en\/wp-json\/wp\/v2\/categories\/?post=25915"},{"taxonomy":"post_tag","embeddable":true,"href":"https:\/\/ifd.uwr.edu.pl\/en\/wp-json\/wp\/v2\/tags\/?post=25915"}],"curies":[{"name":"wp","href":"https:\/\/api.w.org\/{rel}","templated":true}]}}