{"id":25939,"date":"2025-03-17T12:42:18","date_gmt":"2025-03-17T11:42:18","guid":{"rendered":"https:\/\/ifd.uwr.edu.pl\/?page_id=25939"},"modified":"2026-05-12T13:06:22","modified_gmt":"2026-05-12T11:06:22","slug":"nano-optics-and-nanostructures-division","status":"publish","type":"page","link":"https:\/\/ifd.uwr.edu.pl\/en\/institute-structure\/nano-optics-and-nanostructures-division\/","title":{"rendered":"Nano-Optics and Nanostructures Division"},"content":{"rendered":"\n<div class=\"wp-block-ugb-container ugb-container blok_nowa_podstrona ugb-8dda971 ugb-container--v2 ugb-container--design-plain ugb-main-block\"><div class=\"ugb-inner-block\"><div class=\"ugb-block-content\"><div class=\"ugb-container__wrapper ugb-8dda971-wrapper\"><div class=\"ugb-container__side\"><div class=\"ugb-container__content-wrapper ugb-8dda971-content-wrapper\">\n<div class=\"wp-block-columns bs-news-page is-layout-flex wp-block-columns-is-layout-flex\">\n<div class=\"wp-block-column bs-kontakt-photo is-layout-flow wp-block-column-is-layout-flow\">\n<figure class=\"wp-block-image size-full\"><img decoding=\"async\" src=\"https:\/\/wfa.uwr.edu.pl\/wp-content\/uploads\/sites\/216\/2023\/02\/ZNiN4.jpg\" alt=\"ZNiN Grafika\" class=\"wp-image-45696\"\/><\/figure>\n<\/div>\n\n\n\n<div class=\"wp-block-column bs-contact-right-column is-layout-flow wp-block-column-is-layout-flow\">\n<div class=\"wp-block-bonasoft-modular-breadcrumbs-block\"><div class=\"bs_add_breadcrumb_trail\"><\/div><\/div>\n\n\n\n<hr class=\"wp-block-separator has-text-color has-black-color has-css-opacity has-black-background-color has-background is-style-wide bs-border-kontakt\"\/>\n\n\n<h1 style=\"font-style:normal;font-weight:700;\" class=\"bs-naglowek-podstrony wp-block-post-title\">Nano-Optics and Nanostructures Division<\/h1>\n\n\n<p>Members:\u00a0<br>prof. dr hab. Gra\u017cyna Antczak<br>dr Jacek Brona<br>prof. dr hab. Antoni Ciszewski<br>dr Karolina Idczak<br>dr Rafa\u0142 Lewandk\u00f3w<br>dr hab. Leszek Markowski, prof. UWr (head of the Division)<br>dr Iwona Mr\u00f3z<br>dr Sylwia Owczarek<br>dr hab. Andrzej Szczepkowicz, prof. UWr<br>dr Zbigniew Szczud\u0142o\u00a0<br>dr Artur Trembu\u0142owicz<br>dr Rados\u0142aw Wasilewski<br><br>PhD students (supervisor)<br>mgr B\u0142a\u017cej Go\u0142yszny (prof. dr hab. Gra\u017cyna Antczak)<\/p>\n\n\n\n<h2 class=\"wp-block-heading\">Research<\/h2>\n\n\n\n<p>Members of the Division conduct extensive research in the field of surface physics. It concerns, in particular, the phenomena associated with adsorption and occurring in thin film systems (nucleation and growth of crystals, evolution of structures under the influence of varying temperature (including surface diffusion, intercalation, faceting, segregation, thermal desorption, changes in surface reconstruction)) and determining structural, electronic, and physicochemical properties of solid surfaces at the nanometer and sub-nanometer scale. Emission properties of produced systems are also studied. In the perspective of practical applications, methodologies are also being developed for producing thin-film systems with specific physicochemical properties. &nbsp;&nbsp;<\/p>\n<\/div>\n<\/div>\n\n\n\n<div class=\"wp-block-ugb-container ugb-container bs-news-page-under ugb-f8694ce ugb-container--v2 ugb-container--design-plain ugb-main-block\"><div class=\"ugb-inner-block\"><div class=\"ugb-block-content\"><div class=\"ugb-container__wrapper ugb-f8694ce-wrapper\"><div class=\"ugb-container__side\"><div class=\"ugb-container__content-wrapper ugb-f8694ce-content-wrapper\">\n<div class=\"wp-block-columns is-layout-flex wp-block-columns-is-layout-flex\">\n<div class=\"wp-block-column is-vertically-aligned-center is-layout-flow wp-block-column-is-layout-flow\">\n<p>The main experimental techniques used in the division are scanning tunelling microscopy (STM), atomic force microscopy (AFM), X-ray photoelectron spectroscopy (XPS), Auger electron spectroscopy (AES), low-energy electron diffraction (LEED). time-of-flight mass spectrometry (TOFMS); in collaboration with other divisions of the Institute of Experimental Physics and third parties, domestic (among others the SOLARIS National Synchrotron Radiation Centre) and foreign, complementary techniques are also used. The Division also conducts numerical study of optical phenomena in structures smaller than the wavelength of light; optical particle accelerators and new radiation sources based on such accelerators are simulated.&nbsp;<\/p>\n<\/div>\n\n\n\n<div class=\"wp-block-column is-layout-flow wp-block-column-is-layout-flow\">\n<figure class=\"wp-block-image aligncenter size-full\"><img decoding=\"async\" src=\"https:\/\/wfa.uwr.edu.pl\/wp-content\/uploads\/sites\/216\/2023\/02\/ZNiN6.png\" alt=\"ZNiN\" class=\"wp-image-45690\"\/><\/figure>\n<\/div>\n<\/div>\n<\/div><\/div><\/div><\/div><\/div><\/div>\n<\/div><\/div><\/div><\/div><\/div><\/div>\n","protected":false},"excerpt":{"rendered":"<p>Members:\u00a0prof. dr hab. Gra\u017cyna Antczakdr Jacek Bronaprof. dr hab. Antoni Ciszewskidr Karolina Idczakdr Rafa\u0142 Lewandk\u00f3wdr hab. Leszek Markowski, prof. UWr (head of the Division)dr Iwona Mr\u00f3zdr Sylwia Owczarekdr hab. Andrzej Szczepkowicz, prof. UWrdr Zbigniew Szczud\u0142o\u00a0dr Artur Trembu\u0142owiczdr Rados\u0142aw Wasilewski PhD students (supervisor)mgr B\u0142a\u017cej Go\u0142yszny (prof. dr hab. Gra\u017cyna Antczak) Research Members of the Division conduct [&hellip;]<\/p>\n","protected":false},"author":6984,"featured_media":0,"parent":25927,"menu_order":0,"comment_status":"closed","ping_status":"closed","template":"","meta":{"_acf_changed":false,"inline_featured_image":false,"site-sidebar-layout":"default","site-content-layout":"","ast-site-content-layout":"default","site-content-style":"default","site-sidebar-style":"default","ast-global-header-display":"","ast-banner-title-visibility":"","ast-main-header-display":"","ast-hfb-above-header-display":"","ast-hfb-below-header-display":"","ast-hfb-mobile-header-display":"","site-post-title":"","ast-breadcrumbs-content":"","ast-featured-img":"","footer-sml-layout":"","ast-disable-related-posts":"","theme-transparent-header-meta":"","adv-header-id-meta":"","stick-header-meta":"","header-above-stick-meta":"","header-main-stick-meta":"","header-below-stick-meta":"","astra-migrate-meta-layouts":"set","ast-page-background-enabled":"default","ast-page-background-meta":{"desktop":{"background-color":"","background-image":"","background-repeat":"repeat","background-position":"center center","background-size":"auto","background-attachment":"scroll","background-type":"","background-media":"","overlay-type":"","overlay-color":"","overlay-opacity":"","overlay-gradient":""},"tablet":{"background-color":"","background-image":"","background-repeat":"repeat","background-position":"center center","background-size":"auto","background-attachment":"scroll","background-type":"","background-media":"","overlay-type":"","overlay-color":"","overlay-opacity":"","overlay-gradient":""},"mobile":{"background-color":"","background-image":"","background-repeat":"repeat","background-position":"center center","background-size":"auto","background-attachment":"scroll","background-type":"","background-media":"","overlay-type":"","overlay-color":"","overlay-opacity":"","overlay-gradient":""}},"ast-content-background-meta":{"desktop":{"background-color":"var(--ast-global-color-5)","background-image":"","background-repeat":"repeat","background-position":"center center","background-size":"auto","background-attachment":"scroll","background-type":"","background-media":"","overlay-type":"","overlay-color":"","overlay-opacity":"","overlay-gradient":""},"tablet":{"background-color":"var(--ast-global-color-5)","background-image":"","background-repeat":"repeat","background-position":"center center","background-size":"auto","background-attachment":"scroll","background-type":"","background-media":"","overlay-type":"","overlay-color":"","overlay-opacity":"","overlay-gradient":""},"mobile":{"background-color":"var(--ast-global-color-5)","background-image":"","background-repeat":"repeat","background-position":"center center","background-size":"auto","background-attachment":"scroll","background-type":"","background-media":"","overlay-type":"","overlay-color":"","overlay-opacity":"","overlay-gradient":""}},"footnotes":""},"categories":[],"tags":[],"class_list":["post-25939","page","type-page","status-publish","hentry"],"featured_image_urls_v2":{"full":"","thumbnail":"","medium":"","medium_large":"","large":"","1536x1536":"","2048x2048":"","menu-24x24":"","menu-36x36":"","menu-48x48":""},"post_excerpt_stackable_v2":"<p>Nano-Optics and Nanostructures Division Members:\u00a0prof. dr hab. Gra\u017cyna Antczakdr Jacek Bronaprof. dr hab. Antoni Ciszewskidr Karolina Idczakdr Rafa\u0142 Lewandk\u00f3wdr hab. Leszek Markowski, prof. UWr (head of the Division)dr Iwona Mr\u00f3zdr Sylwia Owczarekdr hab. Andrzej Szczepkowicz, prof. UWrdr Zbigniew Szczud\u0142o\u00a0dr Artur Trembu\u0142owiczdr Rados\u0142aw WasilewskiPhD students (supervisor)mgr B\u0142a\u017cej Go\u0142yszny (prof. dr hab. Gra\u017cyna Antczak) Research Members of the Division conduct extensive research in the field of surface physics. It concerns, in particular, the phenomena associated with adsorption and occurring in thin film systems (nucleation and growth of crystals, evolution of structures under the influence of varying temperature (including surface diffusion, intercalation, faceting,&hellip;<\/p>\n","category_list_v2":"Uncategorized","author_info_v2":{"name":"tomasz.ossowski@uwr.edu.pl","url":"https:\/\/ifd.uwr.edu.pl\/en\/author\/tomasz-ossowskiuwr-edu-pl\/"},"comments_num_v2":"0 comments","acf":[],"yoast_head":"<!-- This site is optimized with the Yoast SEO plugin v27.1.1 - https:\/\/yoast.com\/product\/yoast-seo-wordpress\/ -->\n<title>Nano-Optics and Nanostructures Division - Institute of Experimental Physics<\/title>\n<meta name=\"robots\" content=\"index, follow, max-snippet:-1, max-image-preview:large, max-video-preview:-1\" \/>\n<link rel=\"canonical\" href=\"https:\/\/ifd.uwr.edu.pl\/en\/institute-structure\/nano-optics-and-nanostructures-division\/\" \/>\n<meta property=\"og:locale\" content=\"en_US\" \/>\n<meta property=\"og:type\" content=\"article\" \/>\n<meta property=\"og:title\" content=\"Nano-Optics and Nanostructures Division - Institute of Experimental Physics\" \/>\n<meta property=\"og:description\" content=\"Members:\u00a0prof. dr hab. Gra\u017cyna Antczakdr Jacek Bronaprof. dr hab. Antoni Ciszewskidr Karolina Idczakdr Rafa\u0142 Lewandk\u00f3wdr hab. Leszek Markowski, prof. UWr (head of the Division)dr Iwona Mr\u00f3zdr Sylwia Owczarekdr hab. Andrzej Szczepkowicz, prof. UWrdr Zbigniew Szczud\u0142o\u00a0dr Artur Trembu\u0142owiczdr Rados\u0142aw Wasilewski PhD students (supervisor)mgr B\u0142a\u017cej Go\u0142yszny (prof. dr hab. Gra\u017cyna Antczak) Research Members of the Division conduct [&hellip;]\" \/>\n<meta property=\"og:url\" content=\"https:\/\/ifd.uwr.edu.pl\/en\/institute-structure\/nano-optics-and-nanostructures-division\/\" \/>\n<meta property=\"og:site_name\" content=\"Institute of Experimental Physics\" \/>\n<meta property=\"article:modified_time\" content=\"2026-05-12T11:06:22+00:00\" \/>\n<meta name=\"twitter:card\" content=\"summary_large_image\" \/>\n<meta name=\"twitter:label1\" content=\"Est. reading time\" \/>\n\t<meta name=\"twitter:data1\" content=\"2 minutes\" \/>\n<script type=\"application\/ld+json\" class=\"yoast-schema-graph\">{\"@context\":\"https:\/\/schema.org\",\"@graph\":[{\"@type\":\"WebPage\",\"@id\":\"https:\/\/ifd.uwr.edu.pl\/en\/institute-structure\/nano-optics-and-nanostructures-division\/\",\"url\":\"https:\/\/ifd.uwr.edu.pl\/en\/institute-structure\/nano-optics-and-nanostructures-division\/\",\"name\":\"Nano-Optics and Nanostructures Division - Institute of Experimental Physics\",\"isPartOf\":{\"@id\":\"https:\/\/ifd.uwr.edu.pl\/#website\"},\"primaryImageOfPage\":{\"@id\":\"https:\/\/ifd.uwr.edu.pl\/en\/institute-structure\/nano-optics-and-nanostructures-division\/#primaryimage\"},\"image\":{\"@id\":\"https:\/\/ifd.uwr.edu.pl\/en\/institute-structure\/nano-optics-and-nanostructures-division\/#primaryimage\"},\"thumbnailUrl\":\"https:\/\/wfa.uwr.edu.pl\/wp-content\/uploads\/sites\/216\/2023\/02\/ZNiN4.jpg\",\"datePublished\":\"2025-03-17T11:42:18+00:00\",\"dateModified\":\"2026-05-12T11:06:22+00:00\",\"breadcrumb\":{\"@id\":\"https:\/\/ifd.uwr.edu.pl\/en\/institute-structure\/nano-optics-and-nanostructures-division\/#breadcrumb\"},\"inLanguage\":\"en-US\",\"potentialAction\":[{\"@type\":\"ReadAction\",\"target\":[\"https:\/\/ifd.uwr.edu.pl\/en\/institute-structure\/nano-optics-and-nanostructures-division\/\"]}]},{\"@type\":\"ImageObject\",\"inLanguage\":\"en-US\",\"@id\":\"https:\/\/ifd.uwr.edu.pl\/en\/institute-structure\/nano-optics-and-nanostructures-division\/#primaryimage\",\"url\":\"https:\/\/wfa.uwr.edu.pl\/wp-content\/uploads\/sites\/216\/2023\/02\/ZNiN4.jpg\",\"contentUrl\":\"https:\/\/wfa.uwr.edu.pl\/wp-content\/uploads\/sites\/216\/2023\/02\/ZNiN4.jpg\"},{\"@type\":\"BreadcrumbList\",\"@id\":\"https:\/\/ifd.uwr.edu.pl\/en\/institute-structure\/nano-optics-and-nanostructures-division\/#breadcrumb\",\"itemListElement\":[{\"@type\":\"ListItem\",\"position\":1,\"name\":\"Strona g\u0142\u00f3wna\",\"item\":\"https:\/\/ifd.uwr.edu.pl\/en\/\"},{\"@type\":\"ListItem\",\"position\":2,\"name\":\"Institute Structure\",\"item\":\"https:\/\/ifd.uwr.edu.pl\/en\/institute-structure\/\"},{\"@type\":\"ListItem\",\"position\":3,\"name\":\"Nano-Optics and Nanostructures Division\"}]},{\"@type\":\"WebSite\",\"@id\":\"https:\/\/ifd.uwr.edu.pl\/#website\",\"url\":\"https:\/\/ifd.uwr.edu.pl\/\",\"name\":\"Institute of Experimental Physics\",\"description\":\"Kolejna witryna sieci \u201eUWR Witryny\u201d\",\"publisher\":{\"@id\":\"https:\/\/ifd.uwr.edu.pl\/#organization\"},\"potentialAction\":[{\"@type\":\"SearchAction\",\"target\":{\"@type\":\"EntryPoint\",\"urlTemplate\":\"https:\/\/ifd.uwr.edu.pl\/?s={search_term_string}\"},\"query-input\":{\"@type\":\"PropertyValueSpecification\",\"valueRequired\":true,\"valueName\":\"search_term_string\"}}],\"inLanguage\":\"en-US\"},{\"@type\":\"Organization\",\"@id\":\"https:\/\/ifd.uwr.edu.pl\/#organization\",\"name\":\"Institute of Experimental Physics\",\"url\":\"https:\/\/ifd.uwr.edu.pl\/\",\"logo\":{\"@type\":\"ImageObject\",\"inLanguage\":\"en-US\",\"@id\":\"https:\/\/ifd.uwr.edu.pl\/#\/schema\/logo\/image\/\",\"url\":\"https:\/\/ifd.uwr.edu.pl\/wp-content\/uploads\/sites\/668\/2025\/10\/UWr-logotyp-2025.png\",\"contentUrl\":\"https:\/\/ifd.uwr.edu.pl\/wp-content\/uploads\/sites\/668\/2025\/10\/UWr-logotyp-2025.png\",\"width\":764,\"height\":269,\"caption\":\"Institute of Experimental Physics\"},\"image\":{\"@id\":\"https:\/\/ifd.uwr.edu.pl\/#\/schema\/logo\/image\/\"}}]}<\/script>\n<!-- \/ Yoast SEO plugin. -->","yoast_head_json":{"title":"Nano-Optics and Nanostructures Division - Institute of Experimental Physics","robots":{"index":"index","follow":"follow","max-snippet":"max-snippet:-1","max-image-preview":"max-image-preview:large","max-video-preview":"max-video-preview:-1"},"canonical":"https:\/\/ifd.uwr.edu.pl\/en\/institute-structure\/nano-optics-and-nanostructures-division\/","og_locale":"en_US","og_type":"article","og_title":"Nano-Optics and Nanostructures Division - Institute of Experimental Physics","og_description":"Members:\u00a0prof. dr hab. Gra\u017cyna Antczakdr Jacek Bronaprof. dr hab. Antoni Ciszewskidr Karolina Idczakdr Rafa\u0142 Lewandk\u00f3wdr hab. Leszek Markowski, prof. UWr (head of the Division)dr Iwona Mr\u00f3zdr Sylwia Owczarekdr hab. Andrzej Szczepkowicz, prof. UWrdr Zbigniew Szczud\u0142o\u00a0dr Artur Trembu\u0142owiczdr Rados\u0142aw Wasilewski PhD students (supervisor)mgr B\u0142a\u017cej Go\u0142yszny (prof. dr hab. Gra\u017cyna Antczak) Research Members of the Division conduct [&hellip;]","og_url":"https:\/\/ifd.uwr.edu.pl\/en\/institute-structure\/nano-optics-and-nanostructures-division\/","og_site_name":"Institute of Experimental Physics","article_modified_time":"2026-05-12T11:06:22+00:00","twitter_card":"summary_large_image","twitter_misc":{"Est. reading time":"2 minutes"},"schema":{"@context":"https:\/\/schema.org","@graph":[{"@type":"WebPage","@id":"https:\/\/ifd.uwr.edu.pl\/en\/institute-structure\/nano-optics-and-nanostructures-division\/","url":"https:\/\/ifd.uwr.edu.pl\/en\/institute-structure\/nano-optics-and-nanostructures-division\/","name":"Nano-Optics and Nanostructures Division - Institute of Experimental Physics","isPartOf":{"@id":"https:\/\/ifd.uwr.edu.pl\/#website"},"primaryImageOfPage":{"@id":"https:\/\/ifd.uwr.edu.pl\/en\/institute-structure\/nano-optics-and-nanostructures-division\/#primaryimage"},"image":{"@id":"https:\/\/ifd.uwr.edu.pl\/en\/institute-structure\/nano-optics-and-nanostructures-division\/#primaryimage"},"thumbnailUrl":"https:\/\/wfa.uwr.edu.pl\/wp-content\/uploads\/sites\/216\/2023\/02\/ZNiN4.jpg","datePublished":"2025-03-17T11:42:18+00:00","dateModified":"2026-05-12T11:06:22+00:00","breadcrumb":{"@id":"https:\/\/ifd.uwr.edu.pl\/en\/institute-structure\/nano-optics-and-nanostructures-division\/#breadcrumb"},"inLanguage":"en-US","potentialAction":[{"@type":"ReadAction","target":["https:\/\/ifd.uwr.edu.pl\/en\/institute-structure\/nano-optics-and-nanostructures-division\/"]}]},{"@type":"ImageObject","inLanguage":"en-US","@id":"https:\/\/ifd.uwr.edu.pl\/en\/institute-structure\/nano-optics-and-nanostructures-division\/#primaryimage","url":"https:\/\/wfa.uwr.edu.pl\/wp-content\/uploads\/sites\/216\/2023\/02\/ZNiN4.jpg","contentUrl":"https:\/\/wfa.uwr.edu.pl\/wp-content\/uploads\/sites\/216\/2023\/02\/ZNiN4.jpg"},{"@type":"BreadcrumbList","@id":"https:\/\/ifd.uwr.edu.pl\/en\/institute-structure\/nano-optics-and-nanostructures-division\/#breadcrumb","itemListElement":[{"@type":"ListItem","position":1,"name":"Strona g\u0142\u00f3wna","item":"https:\/\/ifd.uwr.edu.pl\/en\/"},{"@type":"ListItem","position":2,"name":"Institute Structure","item":"https:\/\/ifd.uwr.edu.pl\/en\/institute-structure\/"},{"@type":"ListItem","position":3,"name":"Nano-Optics and Nanostructures Division"}]},{"@type":"WebSite","@id":"https:\/\/ifd.uwr.edu.pl\/#website","url":"https:\/\/ifd.uwr.edu.pl\/","name":"Institute of Experimental Physics","description":"Kolejna witryna sieci \u201eUWR Witryny\u201d","publisher":{"@id":"https:\/\/ifd.uwr.edu.pl\/#organization"},"potentialAction":[{"@type":"SearchAction","target":{"@type":"EntryPoint","urlTemplate":"https:\/\/ifd.uwr.edu.pl\/?s={search_term_string}"},"query-input":{"@type":"PropertyValueSpecification","valueRequired":true,"valueName":"search_term_string"}}],"inLanguage":"en-US"},{"@type":"Organization","@id":"https:\/\/ifd.uwr.edu.pl\/#organization","name":"Institute of Experimental Physics","url":"https:\/\/ifd.uwr.edu.pl\/","logo":{"@type":"ImageObject","inLanguage":"en-US","@id":"https:\/\/ifd.uwr.edu.pl\/#\/schema\/logo\/image\/","url":"https:\/\/ifd.uwr.edu.pl\/wp-content\/uploads\/sites\/668\/2025\/10\/UWr-logotyp-2025.png","contentUrl":"https:\/\/ifd.uwr.edu.pl\/wp-content\/uploads\/sites\/668\/2025\/10\/UWr-logotyp-2025.png","width":764,"height":269,"caption":"Institute of Experimental Physics"},"image":{"@id":"https:\/\/ifd.uwr.edu.pl\/#\/schema\/logo\/image\/"}}]}},"publishpress_future_action":{"enabled":false,"date":"2026-05-23 12:45:21","action":"change-status","newStatus":"draft","terms":[],"taxonomy":"category","extraData":[]},"publishpress_future_workflow_manual_trigger":{"enabledWorkflows":[]},"_links":{"self":[{"href":"https:\/\/ifd.uwr.edu.pl\/en\/wp-json\/wp\/v2\/pages\/25939\/"}],"collection":[{"href":"https:\/\/ifd.uwr.edu.pl\/en\/wp-json\/wp\/v2\/pages\/"}],"about":[{"href":"https:\/\/ifd.uwr.edu.pl\/en\/wp-json\/wp\/v2\/types\/page\/"}],"author":[{"embeddable":true,"href":"https:\/\/ifd.uwr.edu.pl\/en\/wp-json\/wp\/v2\/users\/6984\/"}],"replies":[{"embeddable":true,"href":"https:\/\/ifd.uwr.edu.pl\/en\/wp-json\/wp\/v2\/comments\/?post=25939"}],"version-history":[{"count":5,"href":"https:\/\/ifd.uwr.edu.pl\/en\/wp-json\/wp\/v2\/pages\/25939\/revisions\/"}],"predecessor-version":[{"id":27757,"href":"https:\/\/ifd.uwr.edu.pl\/en\/wp-json\/wp\/v2\/pages\/25939\/revisions\/27757\/"}],"up":[{"embeddable":true,"href":"https:\/\/ifd.uwr.edu.pl\/en\/wp-json\/wp\/v2\/pages\/25927\/"}],"wp:attachment":[{"href":"https:\/\/ifd.uwr.edu.pl\/en\/wp-json\/wp\/v2\/media\/?parent=25939"}],"wp:term":[{"taxonomy":"category","embeddable":true,"href":"https:\/\/ifd.uwr.edu.pl\/en\/wp-json\/wp\/v2\/categories\/?post=25939"},{"taxonomy":"post_tag","embeddable":true,"href":"https:\/\/ifd.uwr.edu.pl\/en\/wp-json\/wp\/v2\/tags\/?post=25939"}],"curies":[{"name":"wp","href":"https:\/\/api.w.org\/{rel}","templated":true}]}}