{"id":25945,"date":"2025-03-17T12:43:45","date_gmt":"2025-03-17T11:43:45","guid":{"rendered":"https:\/\/ifd.uwr.edu.pl\/?page_id=25945"},"modified":"2025-03-25T13:10:17","modified_gmt":"2025-03-25T12:10:17","slug":"electron-spectroscopy-division","status":"publish","type":"page","link":"https:\/\/ifd.uwr.edu.pl\/en\/institute-structure\/electron-spectroscopy-division\/","title":{"rendered":"Electron Spectroscopy Division"},"content":{"rendered":"\n<div class=\"wp-block-ugb-container ugb-container blok_nowa_podstrona ugb-8dda971 ugb-container--v2 ugb-container--design-plain ugb-main-block\"><div class=\"ugb-inner-block\"><div class=\"ugb-block-content\"><div class=\"ugb-container__wrapper ugb-8dda971-wrapper\"><div class=\"ugb-container__side\"><div class=\"ugb-container__content-wrapper ugb-8dda971-content-wrapper\">\n<div class=\"wp-block-columns bs-news-page is-layout-flex wp-block-columns-is-layout-flex\">\n<div class=\"wp-block-column bs-kontakt-photo is-layout-flow wp-block-column-is-layout-flow\">\n<figure class=\"wp-block-image aligncenter size-full\"><img decoding=\"async\" src=\"https:\/\/wfa.uwr.edu.pl\/wp-content\/uploads\/sites\/216\/2023\/02\/ZSE-grafika-2.jpg\" alt=\"ZSE Grafika\" class=\"wp-image-46872\"\/><\/figure>\n<\/div>\n\n\n\n<div class=\"wp-block-column bs-contact-right-column is-layout-flow wp-block-column-is-layout-flow\">\n<div class=\"wp-block-bonasoft-modular-breadcrumbs-block\"><div class=\"bs_add_breadcrumb_trail\"><\/div><\/div>\n\n\n\n<hr class=\"wp-block-separator has-text-color has-black-color has-css-opacity has-black-background-color has-background is-style-wide bs-border-kontakt\"\/>\n\n\n<h1 style=\"font-style:normal;font-weight:700;\" class=\"bs-naglowek-podstrony wp-block-post-title\">Electron Spectroscopy Division<\/h1>\n\n\n<p>Head:<br>prof. dr hab. Marek Nowicki<\/p>\n\n\n\n<p>Members:&nbsp;<br>dr Tomasz Kosmala, prof. UWr<br>dr Maciej Kuchowicz<br>dr Katarzyna Lament<br>dr hab. Ireneusz Morawski<br>dr Rafa\u0142 Szukiewicz<br>dr Marcin Wiejak<\/p>\n\n\n\n<p>Technical staff:<br>Pawe\u0142 Ko\u0142odziejczyk<br>Anna Futyma<\/p>\n\n\n\n<p>PhD students:&nbsp;<br>mgr Serhii Kovalchuk<br>mgr Paulina Wira<\/p>\n\n\n\r\n<div class=\"bs_block__container\">\r\n    <a title=\"EC-STM Group\" class=\"button2__link\" href=\"https:\/\/ifd.uwr.edu.pl\/en\/institute-structure\/electron-spectroscopy-division\/ec-stm-group\/\">\r\n        <div class=\"button2\">\r\n            <span class=\"c-button__arrow2\">\r\n                <svg class=\"c-arrow2\" width=\"40px\" height=\"40px\" alt=\"\" viewBox=\"0 0 22 16\" version=\"1.1\">\r\n                    <g class=\"c-arrow__g2\" stroke=\"none\" strokeWidth=\"1\" fill=\"none\" fillRule=\"evenodd\">\r\n                        <g class=\"c-arrow__g2\">\r\n                            <rect id=\"c-arrow__rect2\" x=\"0\" y=\"7\" width=\"20\" height=\"2\" transform=\"scale(0,1)\" \/>\r\n                            <polygon points=\"13.4875 0 12 1.6215 18.7875 8 12 14.3795 13.4875 16 21.9995 8\" \/>\r\n                        <\/g>\r\n                    <\/g>\r\n                <\/svg>\r\n            <\/span>\r\n            <span class=\"c-button__inner2\">EC-STM Group<\/span>\r\n        <\/div>\r\n    <\/a>\r\n<\/div><\/div>\n<\/div>\n\n\n\n<div class=\"wp-block-ugb-container ugb-container bs-news-page-under ugb-f8694ce ugb-container--v2 ugb-container--design-plain ugb-main-block\"><div class=\"ugb-inner-block\"><div class=\"ugb-block-content\"><div class=\"ugb-container__wrapper ugb-f8694ce-wrapper\"><div class=\"ugb-container__side\"><div class=\"ugb-container__content-wrapper ugb-f8694ce-content-wrapper\">\n<h2 class=\"wp-block-heading\">Scientific activities<\/h2>\n\n\n\n<p>The ESD members have experience supported by scholarly achievements in the field of designed research documented with an array of publications in renowned scientific journals, participation in national (NSC, EIRU) and international (AvH, DAAD, EU) research projects, invited lectures at international scientific conferences and research institutes. The members of the Division have a wide range of skills and experience in constructing and operating science and research equipment as well as credentials obtained in the country and as part of scientific internships at such research centres as: Universit\u00e4t Z\u00fcrich-Irchel; CERN (the NA61 SHINE experiment), Geneva; Forschungszentrum J\u00fclich GmbH; Fritz-Haber Institut der Max-Planck Gesellschaft, Berlin; Institut f\u00fcr Physikalische und Theoretische Chemie, Universit\u00e4t Bonn; Physik-Institut, Dipartimento di Scienze Chimiche, Universit\u00e0 degli Studi di Padova; Universit\u00e0 degli Studi di Roma \u201cTor Vergata\u201d; Universit\u00e9 Libre de Bruxelles; ISA, University of Aarhus. Moreover, the members of the Division have many years of experience in research and development (R+D) activities as part of occupying posts at the institutions: WRC EIT+ and \u0141ukasiewicz PORT.<\/p>\n\n\n\n<p>The research conducted in the ESD concern the physicochemical properties of solid surfaces in the environment of ultra high vacuum (UHV) and electrochemical (EC). The Department operates laboratories equipped with high vacuum equipment and an electrochemical laboratory. In addition to primary research, the division also conducts applied research.<\/p>\n\n\n\n<h2 class=\"wp-block-heading\">Research topics<\/h2>\n\n\n\n<p>In particular the research topics include:<\/p>\n\n\n\n<ul class=\"wp-block-list\">\n<li>chemical composition of the surface and near-surface layers of solids (metals, semiconductors, oxides, 2D materials),<\/li>\n\n\n\n<li>adsorption and determining the mechanism of adsorbate growth (metals, semiconductors, inorganic and organic molecules),<\/li>\n\n\n\n<li>structures (near- and long-range) of surfaces, near-surface layers and adsorbate layers,<\/li>\n\n\n\n<li>desorption and thermal stability of adsorbates,<\/li>\n\n\n\n<li>surface morphology on the nanometer scale,<\/li>\n\n\n\n<li>liquid-solid and gas-solid phase systems,<\/li>\n\n\n\n<li>electrode reactions of oxidation and reduction (RedOx),<\/li>\n\n\n\n<li>deposition of metal ions and molecules from solutions on the surfaces of monocrystalline electrodes.<\/li>\n<\/ul>\n\n\n\n<h2 class=\"wp-block-heading\">Experimental methods<\/h2>\n\n\n\n<p>The research uses such experimental methods as:<\/p>\n\n\n\n<ul class=\"wp-block-list\">\n<li>Auger electron spectroscopy (AES),<\/li>\n\n\n\n<li>X-ray photoelectron spectroscopy (XPS),<\/li>\n\n\n\n<li>ultraviolet photoelectron spectroscopy (UPS),<\/li>\n\n\n\n<li>directional Auger electron spectroscopy (DAES),<\/li>\n\n\n\n<li>directional elastic peak electron spectroscopy (DEPES),<\/li>\n\n\n\n<li>low-energy electron diffraction (LEED, IV-LEED),<\/li>\n\n\n\n<li>mass spectrometry (MS),<\/li>\n\n\n\n<li>scanning tunneling microscopy (UHV STM, EC-STM),<\/li>\n\n\n\n<li>measuring changes in output operation (\u0394\u03d5)<\/li>\n\n\n\n<li>cyclic voltammetry (CV).<\/li>\n<\/ul>\n\n\n\n<h2 class=\"wp-block-heading\">Numerical methods<\/h2>\n\n\n\n<p>The ESD also conducts numerical calculations for simulating electron scattering processes in crystalline samples and obtaining theoretical DAES and DEPES results using multiple scattering (MS) theory. By comparing experimental and theoretical results, both qualitative and quantitative information about the structure of adsorption systems is obtained.<\/p>\n\n\n\n<h2 class=\"wp-block-heading\"><\/h2>\n\n\n\n<p>Sample results:<\/p>\n\n\n\n<figure class=\"wp-block-image aligncenter size-full\"><img decoding=\"async\" src=\"https:\/\/wfa.uwr.edu.pl\/wp-content\/uploads\/sites\/216\/2023\/02\/Przykladowe-wyniki.png\" alt=\"Przyk\u0142adowe wyniki\" class=\"wp-image-46881\"\/><\/figure>\n<\/div><\/div><\/div><\/div><\/div><\/div>\n<\/div><\/div><\/div><\/div><\/div><\/div>\n","protected":false},"excerpt":{"rendered":"<p>Head:prof. dr hab. Marek Nowicki Members:&nbsp;dr Tomasz Kosmala, prof. UWrdr Maciej Kuchowiczdr Katarzyna Lamentdr hab. Ireneusz Morawskidr Rafa\u0142 Szukiewiczdr Marcin Wiejak Technical staff:Pawe\u0142 Ko\u0142odziejczykAnna Futyma PhD students:&nbsp;mgr Serhii Kovalchukmgr Paulina Wira Scientific activities The ESD members have experience supported by scholarly achievements in the field of designed research documented with an array of publications in [&hellip;]<\/p>\n","protected":false},"author":6984,"featured_media":0,"parent":25927,"menu_order":0,"comment_status":"closed","ping_status":"closed","template":"","meta":{"_acf_changed":false,"inline_featured_image":false,"site-sidebar-layout":"default","site-content-layout":"","ast-site-content-layout":"default","site-content-style":"default","site-sidebar-style":"default","ast-global-header-display":"","ast-banner-title-visibility":"","ast-main-header-display":"","ast-hfb-above-header-display":"","ast-hfb-below-header-display":"","ast-hfb-mobile-header-display":"","site-post-title":"","ast-breadcrumbs-content":"","ast-featured-img":"","footer-sml-layout":"","ast-disable-related-posts":"","theme-transparent-header-meta":"","adv-header-id-meta":"","stick-header-meta":"","header-above-stick-meta":"","header-main-stick-meta":"","header-below-stick-meta":"","astra-migrate-meta-layouts":"set","ast-page-background-enabled":"default","ast-page-background-meta":{"desktop":{"background-color":"","background-image":"","background-repeat":"repeat","background-position":"center center","background-size":"auto","background-attachment":"scroll","background-type":"","background-media":"","overlay-type":"","overlay-color":"","overlay-opacity":"","overlay-gradient":""},"tablet":{"background-color":"","background-image":"","background-repeat":"repeat","background-position":"center center","background-size":"auto","background-attachment":"scroll","background-type":"","background-media":"","overlay-type":"","overlay-color":"","overlay-opacity":"","overlay-gradient":""},"mobile":{"background-color":"","background-image":"","background-repeat":"repeat","background-position":"center center","background-size":"auto","background-attachment":"scroll","background-type":"","background-media":"","overlay-type":"","overlay-color":"","overlay-opacity":"","overlay-gradient":""}},"ast-content-background-meta":{"desktop":{"background-color":"var(--ast-global-color-5)","background-image":"","background-repeat":"repeat","background-position":"center center","background-size":"auto","background-attachment":"scroll","background-type":"","background-media":"","overlay-type":"","overlay-color":"","overlay-opacity":"","overlay-gradient":""},"tablet":{"background-color":"var(--ast-global-color-5)","background-image":"","background-repeat":"repeat","background-position":"center center","background-size":"auto","background-attachment":"scroll","background-type":"","background-media":"","overlay-type":"","overlay-color":"","overlay-opacity":"","overlay-gradient":""},"mobile":{"background-color":"var(--ast-global-color-5)","background-image":"","background-repeat":"repeat","background-position":"center center","background-size":"auto","background-attachment":"scroll","background-type":"","background-media":"","overlay-type":"","overlay-color":"","overlay-opacity":"","overlay-gradient":""}},"footnotes":""},"categories":[],"tags":[],"class_list":["post-25945","page","type-page","status-publish","hentry"],"featured_image_urls_v2":{"full":"","thumbnail":"","medium":"","medium_large":"","large":"","1536x1536":"","2048x2048":"","menu-24x24":"","menu-36x36":"","menu-48x48":""},"post_excerpt_stackable_v2":"<p>Electron Spectroscopy Division Head:prof. dr hab. Marek Nowicki Members:&nbsp;dr Tomasz Kosmala, prof. UWrdr Maciej Kuchowiczdr Katarzyna Lamentdr hab. Ireneusz Morawskidr Rafa\u0142 Szukiewiczdr Marcin Wiejak Technical staff:Pawe\u0142 Ko\u0142odziejczykAnna Futyma PhD students:&nbsp;mgr Serhii Kovalchukmgr Paulina Wira EC-STM Group Scientific activities The ESD members have experience supported by scholarly achievements in the field of designed research documented with an array of publications in renowned scientific journals, participation in national (NSC, EIRU) and international (AvH, DAAD, EU) research projects, invited lectures at international scientific conferences and research institutes. The members of the Division have a wide range of skills and experience in constructing and&hellip;<\/p>\n","category_list_v2":"Uncategorized","author_info_v2":{"name":"tomasz.ossowski@uwr.edu.pl","url":"https:\/\/ifd.uwr.edu.pl\/en\/author\/tomasz-ossowskiuwr-edu-pl\/"},"comments_num_v2":"0 comments","acf":[],"yoast_head":"<!-- This site is optimized with the Yoast SEO plugin v27.1.1 - https:\/\/yoast.com\/product\/yoast-seo-wordpress\/ -->\n<title>Electron Spectroscopy Division - Institute of Experimental Physics<\/title>\n<meta name=\"robots\" content=\"index, follow, max-snippet:-1, max-image-preview:large, max-video-preview:-1\" \/>\n<link rel=\"canonical\" href=\"https:\/\/ifd.uwr.edu.pl\/en\/institute-structure\/electron-spectroscopy-division\/\" \/>\n<meta property=\"og:locale\" content=\"en_US\" \/>\n<meta property=\"og:type\" content=\"article\" \/>\n<meta property=\"og:title\" content=\"Electron Spectroscopy Division - Institute of Experimental Physics\" \/>\n<meta property=\"og:description\" content=\"Head:prof. dr hab. Marek Nowicki Members:&nbsp;dr Tomasz Kosmala, prof. UWrdr Maciej Kuchowiczdr Katarzyna Lamentdr hab. Ireneusz Morawskidr Rafa\u0142 Szukiewiczdr Marcin Wiejak Technical staff:Pawe\u0142 Ko\u0142odziejczykAnna Futyma PhD students:&nbsp;mgr Serhii Kovalchukmgr Paulina Wira Scientific activities The ESD members have experience supported by scholarly achievements in the field of designed research documented with an array of publications in [&hellip;]\" \/>\n<meta property=\"og:url\" content=\"https:\/\/ifd.uwr.edu.pl\/en\/institute-structure\/electron-spectroscopy-division\/\" \/>\n<meta property=\"og:site_name\" content=\"Institute of Experimental Physics\" \/>\n<meta property=\"article:modified_time\" content=\"2025-03-25T12:10:17+00:00\" \/>\n<meta name=\"twitter:card\" content=\"summary_large_image\" \/>\n<meta name=\"twitter:label1\" content=\"Est. reading time\" \/>\n\t<meta name=\"twitter:data1\" content=\"4 minutes\" \/>\n<script type=\"application\/ld+json\" class=\"yoast-schema-graph\">{\"@context\":\"https:\/\/schema.org\",\"@graph\":[{\"@type\":\"WebPage\",\"@id\":\"https:\/\/ifd.uwr.edu.pl\/en\/institute-structure\/electron-spectroscopy-division\/\",\"url\":\"https:\/\/ifd.uwr.edu.pl\/en\/institute-structure\/electron-spectroscopy-division\/\",\"name\":\"Electron Spectroscopy Division - Institute of Experimental Physics\",\"isPartOf\":{\"@id\":\"https:\/\/ifd.uwr.edu.pl\/#website\"},\"primaryImageOfPage\":{\"@id\":\"https:\/\/ifd.uwr.edu.pl\/en\/institute-structure\/electron-spectroscopy-division\/#primaryimage\"},\"image\":{\"@id\":\"https:\/\/ifd.uwr.edu.pl\/en\/institute-structure\/electron-spectroscopy-division\/#primaryimage\"},\"thumbnailUrl\":\"https:\/\/wfa.uwr.edu.pl\/wp-content\/uploads\/sites\/216\/2023\/02\/ZSE-grafika-2.jpg\",\"datePublished\":\"2025-03-17T11:43:45+00:00\",\"dateModified\":\"2025-03-25T12:10:17+00:00\",\"breadcrumb\":{\"@id\":\"https:\/\/ifd.uwr.edu.pl\/en\/institute-structure\/electron-spectroscopy-division\/#breadcrumb\"},\"inLanguage\":\"en-US\",\"potentialAction\":[{\"@type\":\"ReadAction\",\"target\":[\"https:\/\/ifd.uwr.edu.pl\/en\/institute-structure\/electron-spectroscopy-division\/\"]}]},{\"@type\":\"ImageObject\",\"inLanguage\":\"en-US\",\"@id\":\"https:\/\/ifd.uwr.edu.pl\/en\/institute-structure\/electron-spectroscopy-division\/#primaryimage\",\"url\":\"https:\/\/wfa.uwr.edu.pl\/wp-content\/uploads\/sites\/216\/2023\/02\/ZSE-grafika-2.jpg\",\"contentUrl\":\"https:\/\/wfa.uwr.edu.pl\/wp-content\/uploads\/sites\/216\/2023\/02\/ZSE-grafika-2.jpg\"},{\"@type\":\"BreadcrumbList\",\"@id\":\"https:\/\/ifd.uwr.edu.pl\/en\/institute-structure\/electron-spectroscopy-division\/#breadcrumb\",\"itemListElement\":[{\"@type\":\"ListItem\",\"position\":1,\"name\":\"Strona g\u0142\u00f3wna\",\"item\":\"https:\/\/ifd.uwr.edu.pl\/en\/\"},{\"@type\":\"ListItem\",\"position\":2,\"name\":\"Institute Structure\",\"item\":\"https:\/\/ifd.uwr.edu.pl\/en\/institute-structure\/\"},{\"@type\":\"ListItem\",\"position\":3,\"name\":\"Electron Spectroscopy Division\"}]},{\"@type\":\"WebSite\",\"@id\":\"https:\/\/ifd.uwr.edu.pl\/#website\",\"url\":\"https:\/\/ifd.uwr.edu.pl\/\",\"name\":\"Institute of Experimental Physics\",\"description\":\"Kolejna witryna sieci \u201eUWR Witryny\u201d\",\"publisher\":{\"@id\":\"https:\/\/ifd.uwr.edu.pl\/#organization\"},\"potentialAction\":[{\"@type\":\"SearchAction\",\"target\":{\"@type\":\"EntryPoint\",\"urlTemplate\":\"https:\/\/ifd.uwr.edu.pl\/?s={search_term_string}\"},\"query-input\":{\"@type\":\"PropertyValueSpecification\",\"valueRequired\":true,\"valueName\":\"search_term_string\"}}],\"inLanguage\":\"en-US\"},{\"@type\":\"Organization\",\"@id\":\"https:\/\/ifd.uwr.edu.pl\/#organization\",\"name\":\"Institute of Experimental Physics\",\"url\":\"https:\/\/ifd.uwr.edu.pl\/\",\"logo\":{\"@type\":\"ImageObject\",\"inLanguage\":\"en-US\",\"@id\":\"https:\/\/ifd.uwr.edu.pl\/#\/schema\/logo\/image\/\",\"url\":\"https:\/\/ifd.uwr.edu.pl\/wp-content\/uploads\/sites\/668\/2025\/10\/UWr-logotyp-2025.png\",\"contentUrl\":\"https:\/\/ifd.uwr.edu.pl\/wp-content\/uploads\/sites\/668\/2025\/10\/UWr-logotyp-2025.png\",\"width\":764,\"height\":269,\"caption\":\"Institute of Experimental Physics\"},\"image\":{\"@id\":\"https:\/\/ifd.uwr.edu.pl\/#\/schema\/logo\/image\/\"}}]}<\/script>\n<!-- \/ Yoast SEO plugin. -->","yoast_head_json":{"title":"Electron Spectroscopy Division - Institute of Experimental Physics","robots":{"index":"index","follow":"follow","max-snippet":"max-snippet:-1","max-image-preview":"max-image-preview:large","max-video-preview":"max-video-preview:-1"},"canonical":"https:\/\/ifd.uwr.edu.pl\/en\/institute-structure\/electron-spectroscopy-division\/","og_locale":"en_US","og_type":"article","og_title":"Electron Spectroscopy Division - Institute of Experimental Physics","og_description":"Head:prof. dr hab. Marek Nowicki Members:&nbsp;dr Tomasz Kosmala, prof. UWrdr Maciej Kuchowiczdr Katarzyna Lamentdr hab. Ireneusz Morawskidr Rafa\u0142 Szukiewiczdr Marcin Wiejak Technical staff:Pawe\u0142 Ko\u0142odziejczykAnna Futyma PhD students:&nbsp;mgr Serhii Kovalchukmgr Paulina Wira Scientific activities The ESD members have experience supported by scholarly achievements in the field of designed research documented with an array of publications in [&hellip;]","og_url":"https:\/\/ifd.uwr.edu.pl\/en\/institute-structure\/electron-spectroscopy-division\/","og_site_name":"Institute of Experimental Physics","article_modified_time":"2025-03-25T12:10:17+00:00","twitter_card":"summary_large_image","twitter_misc":{"Est. reading time":"4 minutes"},"schema":{"@context":"https:\/\/schema.org","@graph":[{"@type":"WebPage","@id":"https:\/\/ifd.uwr.edu.pl\/en\/institute-structure\/electron-spectroscopy-division\/","url":"https:\/\/ifd.uwr.edu.pl\/en\/institute-structure\/electron-spectroscopy-division\/","name":"Electron Spectroscopy Division - Institute of Experimental Physics","isPartOf":{"@id":"https:\/\/ifd.uwr.edu.pl\/#website"},"primaryImageOfPage":{"@id":"https:\/\/ifd.uwr.edu.pl\/en\/institute-structure\/electron-spectroscopy-division\/#primaryimage"},"image":{"@id":"https:\/\/ifd.uwr.edu.pl\/en\/institute-structure\/electron-spectroscopy-division\/#primaryimage"},"thumbnailUrl":"https:\/\/wfa.uwr.edu.pl\/wp-content\/uploads\/sites\/216\/2023\/02\/ZSE-grafika-2.jpg","datePublished":"2025-03-17T11:43:45+00:00","dateModified":"2025-03-25T12:10:17+00:00","breadcrumb":{"@id":"https:\/\/ifd.uwr.edu.pl\/en\/institute-structure\/electron-spectroscopy-division\/#breadcrumb"},"inLanguage":"en-US","potentialAction":[{"@type":"ReadAction","target":["https:\/\/ifd.uwr.edu.pl\/en\/institute-structure\/electron-spectroscopy-division\/"]}]},{"@type":"ImageObject","inLanguage":"en-US","@id":"https:\/\/ifd.uwr.edu.pl\/en\/institute-structure\/electron-spectroscopy-division\/#primaryimage","url":"https:\/\/wfa.uwr.edu.pl\/wp-content\/uploads\/sites\/216\/2023\/02\/ZSE-grafika-2.jpg","contentUrl":"https:\/\/wfa.uwr.edu.pl\/wp-content\/uploads\/sites\/216\/2023\/02\/ZSE-grafika-2.jpg"},{"@type":"BreadcrumbList","@id":"https:\/\/ifd.uwr.edu.pl\/en\/institute-structure\/electron-spectroscopy-division\/#breadcrumb","itemListElement":[{"@type":"ListItem","position":1,"name":"Strona g\u0142\u00f3wna","item":"https:\/\/ifd.uwr.edu.pl\/en\/"},{"@type":"ListItem","position":2,"name":"Institute Structure","item":"https:\/\/ifd.uwr.edu.pl\/en\/institute-structure\/"},{"@type":"ListItem","position":3,"name":"Electron Spectroscopy Division"}]},{"@type":"WebSite","@id":"https:\/\/ifd.uwr.edu.pl\/#website","url":"https:\/\/ifd.uwr.edu.pl\/","name":"Institute of Experimental Physics","description":"Kolejna witryna sieci \u201eUWR Witryny\u201d","publisher":{"@id":"https:\/\/ifd.uwr.edu.pl\/#organization"},"potentialAction":[{"@type":"SearchAction","target":{"@type":"EntryPoint","urlTemplate":"https:\/\/ifd.uwr.edu.pl\/?s={search_term_string}"},"query-input":{"@type":"PropertyValueSpecification","valueRequired":true,"valueName":"search_term_string"}}],"inLanguage":"en-US"},{"@type":"Organization","@id":"https:\/\/ifd.uwr.edu.pl\/#organization","name":"Institute of Experimental Physics","url":"https:\/\/ifd.uwr.edu.pl\/","logo":{"@type":"ImageObject","inLanguage":"en-US","@id":"https:\/\/ifd.uwr.edu.pl\/#\/schema\/logo\/image\/","url":"https:\/\/ifd.uwr.edu.pl\/wp-content\/uploads\/sites\/668\/2025\/10\/UWr-logotyp-2025.png","contentUrl":"https:\/\/ifd.uwr.edu.pl\/wp-content\/uploads\/sites\/668\/2025\/10\/UWr-logotyp-2025.png","width":764,"height":269,"caption":"Institute of Experimental Physics"},"image":{"@id":"https:\/\/ifd.uwr.edu.pl\/#\/schema\/logo\/image\/"}}]}},"publishpress_future_action":{"enabled":false,"date":"2026-05-23 11:44:34","action":"change-status","newStatus":"draft","terms":[],"taxonomy":"category","extraData":[]},"publishpress_future_workflow_manual_trigger":{"enabledWorkflows":[]},"_links":{"self":[{"href":"https:\/\/ifd.uwr.edu.pl\/en\/wp-json\/wp\/v2\/pages\/25945\/"}],"collection":[{"href":"https:\/\/ifd.uwr.edu.pl\/en\/wp-json\/wp\/v2\/pages\/"}],"about":[{"href":"https:\/\/ifd.uwr.edu.pl\/en\/wp-json\/wp\/v2\/types\/page\/"}],"author":[{"embeddable":true,"href":"https:\/\/ifd.uwr.edu.pl\/en\/wp-json\/wp\/v2\/users\/6984\/"}],"replies":[{"embeddable":true,"href":"https:\/\/ifd.uwr.edu.pl\/en\/wp-json\/wp\/v2\/comments\/?post=25945"}],"version-history":[{"count":4,"href":"https:\/\/ifd.uwr.edu.pl\/en\/wp-json\/wp\/v2\/pages\/25945\/revisions\/"}],"predecessor-version":[{"id":26476,"href":"https:\/\/ifd.uwr.edu.pl\/en\/wp-json\/wp\/v2\/pages\/25945\/revisions\/26476\/"}],"up":[{"embeddable":true,"href":"https:\/\/ifd.uwr.edu.pl\/en\/wp-json\/wp\/v2\/pages\/25927\/"}],"wp:attachment":[{"href":"https:\/\/ifd.uwr.edu.pl\/en\/wp-json\/wp\/v2\/media\/?parent=25945"}],"wp:term":[{"taxonomy":"category","embeddable":true,"href":"https:\/\/ifd.uwr.edu.pl\/en\/wp-json\/wp\/v2\/categories\/?post=25945"},{"taxonomy":"post_tag","embeddable":true,"href":"https:\/\/ifd.uwr.edu.pl\/en\/wp-json\/wp\/v2\/tags\/?post=25945"}],"curies":[{"name":"wp","href":"https:\/\/api.w.org\/{rel}","templated":true}]}}